{"id":1793,"date":"2024-08-03T06:46:11","date_gmt":"2024-08-03T06:46:11","guid":{"rendered":"https:\/\/backlightmfg.com\/?post_type=product&#038;p=1793"},"modified":"2024-09-15T06:29:42","modified_gmt":"2024-09-15T06:29:42","slug":"lgf-light-guide-film","status":"publish","type":"product","link":"https:\/\/backlightmfg.com\/da\/lgf-light-guide-film\/","title":{"rendered":"LGF (lysstyringsfilm)"},"content":{"rendered":"<h3 data-sourcepos=\"3:1-3:53\">Hvad er LGF?<\/h3>\n<ul>\n<li data-sourcepos=\"3:1-3:53\">Light Guide Film (LGF) er et tyndt, optisk klart plastark, der er designet til at fordele lyset fra en kantbelyst kilde j\u00e6vnt over hele overfladen. Denne teknologi er afg\u00f8rende for at skabe ensartet baggrundsbelysning i forskellige applikationer, fra baggrundsbelyste tastaturer og LCD-sk\u00e6rme til skiltning og bilinteri\u00f8r.<\/li>\n<\/ul>\n<h3>Hvordan fungerer lyslederfilm?<\/h3>\n<ul>\n<li data-sourcepos=\"7:1-7:66\">LGF udnytter en unik mikrostruktur p\u00e5 overfladen til at opfange og bryde lyset fra en LED-lyskilde, der er placeret ved filmens kant. Dette lys spredes derefter j\u00e6vnt over filmens overflade og giver en klar og ensartet belysning.<\/li>\n<\/ul>\n<h3 data-sourcepos=\"7:1-7:66\">Funktioner<\/h3>\n<ul>\n<li>ultratynd polykarbonatfilm af optisk kvalitet med tilpassede mikrolysstyringsstrukturer giver ensartet lysydelse.<\/li>\n<li>Display-anvendelser: Lyslederfilm til E-paper og offentlig skiltning og andre displayanvendelser.<\/li>\n<li>Biler: Instrumentpanel\/d\u00f8rskilt\/interi\u00f8rbelysning til biler.<\/li>\n<li>Forbrugerelektronik: oplyste tastaturer \/ RGB Led-bl\u00e6sere \/ kontrolpaneler.<\/li>\n<li>Hjemmeapplikationer: oplyste touch-knapper<\/li>\n<\/ul>","protected":false},"excerpt":{"rendered":"<h4 id=\"tw-target-text\" class=\"tw-data-text tw-text-large tw-ta\" dir=\"ltr\" data-placeholder=\"Translation\" aria-label=\"Oversat tekst\" data-ved=\"2ahUKEwiFvaiamtiHAxXCnK8BHcMXH1QQ3ewLegQIERAU\"><strong><span class=\"Y2IQFc\" lang=\"en\">Procesparametre <\/span>af LGF<\/strong><\/h4>\n<p dir=\"ltr\" data-placeholder=\"Translation\" aria-label=\"Oversat tekst\" data-ved=\"2ahUKEwiFvaiamtiHAxXCnK8BHcMXH1QQ3ewLegQIERAU\">Materiale \uff1aPolycarbonat (PC)<\/p>\n<p dir=\"ltr\" data-placeholder=\"Translation\" aria-label=\"Oversat tekst\" data-ved=\"2ahUKEwiFvaiamtiHAxXCnK8BHcMXH1QQ3ewLegQIERAU\">Tykkelse \uff1a0,075 mm, 0,1 mm, 0,125 mm<\/p>\n<p dir=\"ltr\" data-placeholder=\"Translation\" aria-label=\"Oversat tekst\" data-ved=\"2ahUKEwiFvaiamtiHAxXCnK8BHcMXH1QQ3ewLegQIERAU\">St\u00f8rrelse og form: Efter kundens tegning<\/p>","protected":false},"featured_media":1794,"comment_status":"open","ping_status":"closed","template":"","meta":[],"product_cat":[15],"product_tag":[],"_links":{"self":[{"href":"https:\/\/backlightmfg.com\/da\/wp-json\/wp\/v2\/product\/1793"}],"collection":[{"href":"https:\/\/backlightmfg.com\/da\/wp-json\/wp\/v2\/product"}],"about":[{"href":"https:\/\/backlightmfg.com\/da\/wp-json\/wp\/v2\/types\/product"}],"replies":[{"embeddable":true,"href":"https:\/\/backlightmfg.com\/da\/wp-json\/wp\/v2\/comments?post=1793"}],"wp:featuredmedia":[{"embeddable":true,"href":"https:\/\/backlightmfg.com\/da\/wp-json\/wp\/v2\/media\/1794"}],"wp:attachment":[{"href":"https:\/\/backlightmfg.com\/da\/wp-json\/wp\/v2\/media?parent=1793"}],"wp:term":[{"taxonomy":"product_cat","embeddable":true,"href":"https:\/\/backlightmfg.com\/da\/wp-json\/wp\/v2\/product_cat?post=1793"},{"taxonomy":"product_tag","embeddable":true,"href":"https:\/\/backlightmfg.com\/da\/wp-json\/wp\/v2\/product_tag?post=1793"}],"curies":[{"name":"wp","href":"https:\/\/api.w.org\/{rel}","templated":true}]}}