{"id":1790,"date":"2024-08-03T02:08:10","date_gmt":"2024-08-03T02:08:10","guid":{"rendered":"https:\/\/backlightmfg.com\/?post_type=product&#038;p=1790"},"modified":"2025-07-14T08:33:49","modified_gmt":"2025-07-14T08:33:49","slug":"lgp-backlight","status":"publish","type":"product","link":"https:\/\/backlightmfg.com\/da\/lgp-backlight\/","title":{"rendered":"LGP Baggrundsbelysning"},"content":{"rendered":"<h3><strong><span class=\"Y2IQFc\" lang=\"en\">LGP-mikrostrukturteknologi (milj\u00f8beskyttelse) \uff1a.<\/span><\/strong><\/h3>\n<p>Konvertering fra original trykproces til varmpresningsproces, automatiseret produktion, h\u00f8jt udbytte og fremragende visuel effekt. Det omfatter Micro_structure LGP og Ink printing LGP.<\/p>\n<h4><b>Hvad er mikro_struktur?<\/b><\/h4>\n<ul>\n<li>Hvis m\u00f8nsterst\u00f8rrelsen p\u00e5 LGP, der kan kontrolleres, er mindre end 100 um. Vi kan kalde det micro_structure.<\/li>\n<\/ul>\n<h4><strong>Bl\u00e6kudskrivning<\/strong><\/h4>\n<ul>\n<li>M\u00f8nsterst\u00f8rrelsen er 0,4 mm (min. med diameter).<\/li>\n<\/ul>\n<h4 class=\"tw-data-text tw-text-large tw-ta\" dir=\"ltr\" data-placeholder=\"Translation\" aria-label=\"Oversat tekst\" data-ved=\"2ahUKEwii-OPw3deHAxXnha8BHe_AMVoQ3ewLegQIDRAU\"><strong><span class=\"Y2IQFc\" lang=\"en\">Lysstyringsmodul-<\/span><span class=\"Y2IQFc\" lang=\"en\">Udtynding<\/span><\/strong><\/h4>\n<ul>\n<li>Den samlede tykkelse af lysstyringsmodulet varierer fra 0,8 ~ 2 mm. Lyspladen kan v\u00e6re lavet af bl\u00f8d plade (FPC) eller h\u00e5rd plade (PCB) i henhold til kundens behov.<\/li>\n<\/ul>\n<h4 class=\"tw-data-text tw-text-large tw-ta\" dir=\"ltr\" data-placeholder=\"Translation\" aria-label=\"Oversat tekst\" data-ved=\"2ahUKEwii-OPw3deHAxXnha8BHe_AMVoQ3ewLegQIDRAU\"><strong><span class=\"Y2IQFc\" lang=\"en\">Lysstyringsmodul-<\/span><span class=\"Y2IQFc\" lang=\"en\">Fleksibilitet<\/span><\/strong><\/h4>\n<ul>\n<li>Det tynde lysstyringsmodul i softboard har god fleksibilitet, og den tykke lim kan bruges til at tilpasse det til produktets udseende.<\/li>\n<\/ul>\n<h4 id=\"tw-target-text\" class=\"tw-data-text tw-text-large tw-ta\" dir=\"ltr\" data-placeholder=\"Translation\" aria-label=\"Oversat tekst\" data-ved=\"2ahUKEwii-OPw3deHAxXnha8BHe_AMVoQ3ewLegQIDRAU\"><strong><span class=\"Y2IQFc\" lang=\"en\">Tilpasning af lysstyringsmodul<\/span><\/strong><\/h4>\n<ul>\n<li id=\"tw-target-text\" class=\"tw-data-text tw-text-large tw-ta\" dir=\"ltr\" data-placeholder=\"Translation\" aria-label=\"Oversat tekst\" data-ved=\"2ahUKEwii-OPw3deHAxXnha8BHe_AMVoQ3ewLegQIDRAU\"><span class=\"Y2IQFc\" lang=\"en\">Forskellige lysstyringsmoduler kan designes i henhold til kundernes forskellige behov for at opn\u00e5 de effekter, som kunderne kr\u00e6ver.<\/span><\/li>\n<\/ul>\n<div id=\"KnM9nf\" class=\"PZPZlf\" data-attrid=\"tw-sourceArea\" data-entityname=\"Google Translate\">\n<div id=\"tw-source\">\n<div id=\"tw-source-rmn-container\" class=\"tw-ta-container F0azHf tw-nfl\">\n<h3 id=\"tw-source-rmn\" class=\"tw-data-text tw-text-small tw-ta\" dir=\"ltr\"><strong>Anvendelse<\/strong><\/h3>\n<ul>\n<li>Normal type -Under gummi<\/li>\n<li>Mellem n\u00f8gle og gummi<\/li>\n<li>Samst\u00f8bning<\/li>\n<\/ul>\n<\/div>\n<\/div>\n<\/div>","protected":false},"excerpt":{"rendered":"<p id=\"tw-target-text\" class=\"tw-data-text tw-text-large tw-ta\" dir=\"ltr\" data-placeholder=\"Translation\" aria-label=\"Oversat tekst\" data-ved=\"2ahUKEwii-OPw3deHAxXnha8BHe_AMVoQ3ewLegQIDRAU\"><span class=\"Y2IQFc\" lang=\"en\">LED-fotoelektriske lysstyringsmoduler bruges i smarte byer, smarte k\u00f8ret\u00f8jer, smarte husholdningsapparater og periferiudstyr til e-sport. Fremtidige udviklingstendenser for lysstyringsmoduler<\/span><\/p>\n<ul>\n<li><span class=\"Y2IQFc\" lang=\"en\">LGP-mikrostrukturteknologi (milj\u00f8beskyttelse)<br \/>\n<\/span><\/li>\n<li><span class=\"Y2IQFc\" lang=\"en\">Udtynding<br \/>\n<\/span><\/li>\n<li><span class=\"Y2IQFc\" lang=\"en\">Fleksibilitet<br \/>\n<\/span><\/li>\n<li><span class=\"Y2IQFc\" lang=\"en\">RGB-lysstyringsmodul<br \/>\n<\/span><\/li>\n<li><span class=\"Y2IQFc\" lang=\"en\">Programmerbar RGB-lysstrimmel<br \/>\n<\/span><\/li>\n<li><span class=\"Y2IQFc\" lang=\"en\">RGB-lysstrimmel med fast \u00e6ndring<\/span><\/li>\n<\/ul>","protected":false},"featured_media":1791,"comment_status":"open","ping_status":"closed","template":"","meta":[],"product_cat":[15],"product_tag":[],"_links":{"self":[{"href":"https:\/\/backlightmfg.com\/da\/wp-json\/wp\/v2\/product\/1790"}],"collection":[{"href":"https:\/\/backlightmfg.com\/da\/wp-json\/wp\/v2\/product"}],"about":[{"href":"https:\/\/backlightmfg.com\/da\/wp-json\/wp\/v2\/types\/product"}],"replies":[{"embeddable":true,"href":"https:\/\/backlightmfg.com\/da\/wp-json\/wp\/v2\/comments?post=1790"}],"wp:featuredmedia":[{"embeddable":true,"href":"https:\/\/backlightmfg.com\/da\/wp-json\/wp\/v2\/media\/1791"}],"wp:attachment":[{"href":"https:\/\/backlightmfg.com\/da\/wp-json\/wp\/v2\/media?parent=1790"}],"wp:term":[{"taxonomy":"product_cat","embeddable":true,"href":"https:\/\/backlightmfg.com\/da\/wp-json\/wp\/v2\/product_cat?post=1790"},{"taxonomy":"product_tag","embeddable":true,"href":"https:\/\/backlightmfg.com\/da\/wp-json\/wp\/v2\/product_tag?post=1790"}],"curies":[{"name":"wp","href":"https:\/\/api.w.org\/{rel}","templated":true}]}}