{"id":1553,"date":"2024-07-08T08:09:39","date_gmt":"2024-07-08T08:09:39","guid":{"rendered":"https:\/\/backlightmfg.com\/manufacturer\/film-backlighting\/"},"modified":"2024-09-15T06:29:45","modified_gmt":"2024-09-15T06:29:45","slug":"film-backlighting","status":"publish","type":"product","link":"https:\/\/backlightmfg.com\/da\/film-backlighting\/","title":{"rendered":"Film-baggrundsbelysning"},"content":{"rendered":"<p>Film-baggrundsbelysning, ogs\u00e5 kendt som lyslederfilm (LGF), er blevet en fremtr\u00e6dende belysningsteknologi, der giver en r\u00e6kke fordele i forhold til traditionelle baggrundsbelysningsmetoder. Disse tynde, fleksible film er fremstillet af milj\u00f8venlige materialer som polyethylenterephthalat (PET) og bruges i vid udstr\u00e6kning i forskellige applikationer, is\u00e6r i elektroniske enheder.<\/p>\n<h3><strong>N\u00f8glekarakteristika for tyndfilmsbaggrundsbelysning:<\/strong><\/h3>\n<ul>\n<li><strong style=\"color: #555555; font-size: 14.4px;\">Milj\u00f8venlighed:<\/strong><span style=\"color: #555555; font-size: 14.4px;\">\u00a0De er fremstillet af genanvendelige materialer, hvilket minimerer deres milj\u00f8p\u00e5virkning.<\/span><\/li>\n<li><strong style=\"color: #555555; font-size: 14.4px;\">Ensartet belysning:<\/strong><span style=\"color: #555555; font-size: 14.4px;\">\u00a0De giver en ensartet og konsekvent lysfordeling over hele overfladen, hvilket eliminerer bl\u00e6nding og hotspots.<\/span><\/li>\n<li><strong style=\"color: #555555; font-size: 14.4px;\">Energieffektivitet:<\/strong><span style=\"color: #555555; font-size: 14.4px;\">\u00a0Forbruger betydeligt mindre energi sammenlignet med traditionelle baggrundsbelysningsmetoder, hvilket reducerer driftsomkostninger og milj\u00f8p\u00e5virkning.<\/span><\/li>\n<li><strong style=\"color: #555555; font-size: 14.4px;\">Slank og let:<\/strong><span style=\"color: #555555; font-size: 14.4px;\">\u00a0Deres tynde og lette natur g\u00f8r dem ideelle til indbygning i kompakte elektroniske enheder.<\/span><\/li>\n<li><strong style=\"color: #555555; font-size: 14.4px;\">Fleksibilitet i designet:<\/strong><span style=\"color: #555555; font-size: 14.4px;\">\u00a0De kan nemt formes og tilpasses, s\u00e5 de passer til forskellige designkrav.<\/span><\/li>\n<li><strong style=\"color: #555555; font-size: 14.4px;\">Omkostningseffektivitet:<\/strong><span style=\"color: #555555; font-size: 14.4px;\">\u00a0De er en omkostningseffektiv l\u00f8sning til baggrundsbelysning.<\/span><\/li>\n<\/ul>\n<h3><strong style=\"font-size: 23.04px;\">Anvendelser af tyndfilmsbaggrundsbelysning:<\/strong><\/h3>\n<ul>\n<li><strong style=\"color: #555555; font-size: 14.4px;\">LCD-sk\u00e6rme:<\/strong><span style=\"color: #555555; font-size: 14.4px;\">\u00a0De bruges i vid udstr\u00e6kning i LCD-sk\u00e6rme til smartphones, tablets, b\u00e6rbare computere og fjernsyn.<\/span><\/li>\n<li><strong style=\"color: #555555; font-size: 14.4px;\">Baggrundsbelyste tastaturer:<\/strong><span style=\"color: #555555; font-size: 14.4px;\">\u00a0De oplyser tastaturer og \u00f8ger synligheden i svagt lys.<\/span><\/li>\n<li><strong style=\"color: #555555; font-size: 14.4px;\">Kontrolpaneler:<\/strong><span style=\"color: #555555; font-size: 14.4px;\">\u00a0Tyndfilmsbaggrundsbelysning bruges i kontrolpaneler til apparater, industrimaskiner og medicinsk udstyr.<\/span><\/li>\n<li><strong style=\"color: #555555; font-size: 14.4px;\">Skiltning og reklame:<\/strong><span style=\"color: #555555; font-size: 14.4px;\">\u00a0De bruges i baggrundsbelyste skilte og reklamer og skaber i\u00f8jnefaldende displays.<\/span><\/li>\n<li><strong style=\"color: #555555; font-size: 14.4px;\">Dekorativ belysning:<\/strong><span style=\"color: #555555; font-size: 14.4px;\">\u00a0De er indarbejdet i dekorative belysningsarmaturer, der giver stemning og visuelle accenter.<\/span><\/li>\n<\/ul>\n<p><span style=\"font-size: 150%;\"><strong>Fordele ved tyndfilmsbaggrundsbelysning:<\/strong><\/span><\/p>\n<ul>\n<li><strong style=\"color: #555555; font-size: 14.4px;\">Forbedret visuel komfort:<\/strong><span style=\"color: #555555; font-size: 14.4px;\">\u00a0Ensartet belysning reducerer belastningen af \u00f8jnene og forbedrer den visuelle komfort.<\/span><\/li>\n<li><strong style=\"color: #555555; font-size: 14.4px;\">Forbedret produkt\u00e6stetik:<\/strong><span style=\"color: #555555; font-size: 14.4px;\">\u00a0Tyndfilmsbaggrundsbelysning giver et strejf af elegance og raffinement til elektroniske enheder.<\/span><\/li>\n<li><strong style=\"color: #555555; font-size: 14.4px;\">Frihed til at designe:<\/strong><span style=\"color: #555555; font-size: 14.4px;\">\u00a0Deres fleksibilitet giver mulighed for kreative lysdesigns og integration i forskellige produkter.<\/span><\/li>\n<li><strong style=\"color: #555555; font-size: 14.4px;\">Energibesparelser:<\/strong><span style=\"color: #555555; font-size: 14.4px;\">\u00a0Energieffektivitet betyder lavere driftsomkostninger og reduceret milj\u00f8p\u00e5virkning.<\/span><\/li>\n<li><strong style=\"color: #555555; font-size: 14.4px;\">Omkostningseffektivitet:<\/strong><span style=\"color: #555555; font-size: 14.4px;\">\u00a0De tilbyder en konkurrencedygtig l\u00f8sning til baggrundsbelysning.<\/span><\/li>\n<\/ul>","protected":false},"excerpt":{"rendered":"<p>Filmbaggrundsbelysning har revolutioneret belysningsteknologien og er et overlegent alternativ til traditionelle baggrundsbelysningsmetoder. Deres milj\u00f8venlighed, ensartede belysning, energieffektivitet, slanke design og omkostningseffektivitet g\u00f8r dem til en alsidig og efterspurgt l\u00f8sning til en bred vifte af anvendelser. Efterh\u00e5nden som teknologien udvikler sig, forventes tyndfilmsbaggrundsbelysning at forts\u00e6tte med at udvikle sig og tilbyde endnu mere innovative og effektive belysningsl\u00f8sninger i fremtiden.<\/p>","protected":false},"featured_media":1540,"comment_status":"closed","ping_status":"closed","template":"","meta":[],"product_cat":[15],"product_tag":[],"_links":{"self":[{"href":"https:\/\/backlightmfg.com\/da\/wp-json\/wp\/v2\/product\/1553"}],"collection":[{"href":"https:\/\/backlightmfg.com\/da\/wp-json\/wp\/v2\/product"}],"about":[{"href":"https:\/\/backlightmfg.com\/da\/wp-json\/wp\/v2\/types\/product"}],"replies":[{"embeddable":true,"href":"https:\/\/backlightmfg.com\/da\/wp-json\/wp\/v2\/comments?post=1553"}],"wp:featuredmedia":[{"embeddable":true,"href":"https:\/\/backlightmfg.com\/da\/wp-json\/wp\/v2\/media\/1540"}],"wp:attachment":[{"href":"https:\/\/backlightmfg.com\/da\/wp-json\/wp\/v2\/media?parent=1553"}],"wp:term":[{"taxonomy":"product_cat","embeddable":true,"href":"https:\/\/backlightmfg.com\/da\/wp-json\/wp\/v2\/product_cat?post=1553"},{"taxonomy":"product_tag","embeddable":true,"href":"https:\/\/backlightmfg.com\/da\/wp-json\/wp\/v2\/product_tag?post=1553"}],"curies":[{"name":"wp","href":"https:\/\/api.w.org\/{rel}","templated":true}]}}