{"id":1552,"date":"2024-07-08T08:09:39","date_gmt":"2024-07-08T08:09:39","guid":{"rendered":"https:\/\/backlightmfg.com\/manufacturer\/luminous-powder-backlighting\/"},"modified":"2024-09-15T06:29:46","modified_gmt":"2024-09-15T06:29:46","slug":"luminescent-powder-backlight","status":"publish","type":"product","link":"https:\/\/backlightmfg.com\/da\/luminescent-powder-backlight\/","title":{"rendered":"Baggrundsbelysning med selvlysende pulver"},"content":{"rendered":"<p>Luminescerende pulver, ogs\u00e5 kendt som fosforpulver, er et fascinerende materiale, der absorberer lysenergi og langsomt frigiver den over tid i form af synligt lys. Denne unikke egenskab g\u00f8r det til et ideelt materiale til at skabe langtidsholdbar baggrundsbelysning i forskellige applikationer, is\u00e6r i svagt lys eller m\u00f8rke omgivelser.<\/p>\n<p>&nbsp;<\/p>\n<h3><strong>Vigtige fordele ved baggrundsbelysning med selvlysende pulver:<\/strong><\/h3>\n<ul>\n<li><strong style=\"color: #555555; font-size: 14.4px;\">Sikkerhed:<\/strong><span style=\"color: #555555; font-size: 14.4px;\">\u00a0I mods\u00e6tning til radioaktive materialer er selvlysende pulver helt ugiftigt, ikke-br\u00e6ndbart og fri for skadelige stoffer som fosfor, bly eller andre farlige kemikalier. Det g\u00f8r det til et sikkert valg til brug i forskellige produkter, is\u00e6r dem, der er i t\u00e6t kontakt med mennesker.<\/span><\/li>\n<li><strong style=\"color: #555555; font-size: 14.4px;\">Langvarig gl\u00f8d:<\/strong><span style=\"color: #555555; font-size: 14.4px;\">\u00a0Luminous Powder Backlight kan udsende lys i timevis, selv efter eksponering for lys er oph\u00f8rt. Denne forl\u00e6ngede lysvarighed sikrer, at genstande forbliver synlige og identificerbare, selv i fuldst\u00e6ndigt m\u00f8rke.<\/span><\/li>\n<li><strong style=\"color: #555555; font-size: 14.4px;\">Stabile egenskaber:<\/strong><span style=\"color: #555555; font-size: 14.4px;\">\u00a0Luminous Powder Backlighting udviser en bem\u00e6rkelsesv\u00e6rdig stabilitet med hensyn til fysiske og kemiske egenskaber. Denne egenskab sikrer, at den selvlysende effekt forbliver ensartet og p\u00e5lidelig over tid.<\/span><\/li>\n<li><strong style=\"color: #555555; font-size: 14.4px;\">Enest\u00e5ende holdbarhed:<\/strong><span style=\"color: #555555; font-size: 14.4px;\">\u00a0Selvlysende pulver har en enest\u00e5ende holdbarhed, der g\u00f8r det modstandsdygtigt over for slitage. Denne holdbarhed sikrer, at produkter, der indeholder selvlysende pulver, kan modst\u00e5 barske forhold og bevare deres selvlysende egenskaber i mange \u00e5r fremover.<\/span><\/li>\n<li><strong style=\"color: #555555; font-size: 14.4px;\">Alsidighed:<\/strong><span style=\"color: #555555; font-size: 14.4px;\">\u00a0Selvlysende pulver kan nemt inkorporeres i en lang r\u00e6kke materialer, herunder plast, gummi, l\u00e6der, keramik, glas, maling og bel\u00e6gninger. Denne alsidighed g\u00f8r det muligt at anvende det i en lang r\u00e6kke produkter.<\/span><\/li>\n<\/ul>\n<h3><strong style=\"font-size: 23.04px;\">Forskellige anvendelser af selvlysende pulverbaggrundsbelysning:<\/strong><\/h3>\n<ul>\n<li><strong style=\"color: #555555; font-size: 14.4px;\">Sikkerhedsprodukter:<\/strong><span style=\"color: #555555; font-size: 14.4px;\">\u00a0Det bruges i vid udstr\u00e6kning i sikkerhedsprodukter som f.eks. n\u00f8dudgangsskilte, selvlysende kontakter, sikkerhedsveste og trafikskilte, der sikrer synlighed og sikkerhed i svagt lys eller under farlige forhold.<\/span><\/li>\n<li><strong style=\"color: #555555; font-size: 14.4px;\">Dekorative genstande:<\/strong><span style=\"color: #555555; font-size: 14.4px;\">\u00a0Selvlysende pulver tilf\u00f8rer et strejf af magi til dekorative genstande som selvlysende malerier, figurer og smykker og skaber en f\u00e6ngslende stemning i m\u00f8rke omgivelser.<\/span><\/li>\n<li><strong style=\"color: #555555; font-size: 14.4px;\">Leget\u00f8j og spil:<\/strong><span style=\"color: #555555; font-size: 14.4px;\">\u00a0Giver et sjovt og sp\u00e6ndende element til leget\u00f8j og spil ved at f\u00e5 dem til at lyse og blive levende i m\u00f8rket, hvilket fremmer leg og fantasi.<\/span><\/li>\n<li><strong style=\"color: #555555; font-size: 14.4px;\">Industrielle anvendelser:<\/strong><span style=\"color: #555555; font-size: 14.4px;\">\u00a0Anvendes i industrielle sammenh\u00e6nge, f.eks. til at markere farlige omr\u00e5der, identificere udstyrskontroller og give synlighed i lukkede rum.<\/span><\/li>\n<li><strong style=\"color: #555555; font-size: 14.4px;\">Milit\u00e6r og rumfart:<\/strong><span style=\"color: #555555; font-size: 14.4px;\">\u00a0Det bruges i milit\u00e6ret og i luft- og rumfart, bl.a. til at markere fly, give synlighed ved natlige operationer og skabe selvlysende navigationshj\u00e6lpemidler.<\/span><\/li>\n<\/ul>","protected":false},"excerpt":{"rendered":"<p>Baggrundsbelysning med selvlysende pulver: En alsidig og sikker l\u00f8sning til synlighed om natten De mange anvendelsesmuligheder sp\u00e6nder over forskellige brancher, fra sikkerhed til dekoration og underholdning, hvilket g\u00f8r det til et v\u00e6rdifuldt materiale til at skabe innovative og funktionelle produkter.<\/p>","protected":false},"featured_media":1544,"comment_status":"closed","ping_status":"closed","template":"","meta":[],"product_cat":[15],"product_tag":[],"_links":{"self":[{"href":"https:\/\/backlightmfg.com\/da\/wp-json\/wp\/v2\/product\/1552"}],"collection":[{"href":"https:\/\/backlightmfg.com\/da\/wp-json\/wp\/v2\/product"}],"about":[{"href":"https:\/\/backlightmfg.com\/da\/wp-json\/wp\/v2\/types\/product"}],"replies":[{"embeddable":true,"href":"https:\/\/backlightmfg.com\/da\/wp-json\/wp\/v2\/comments?post=1552"}],"wp:featuredmedia":[{"embeddable":true,"href":"https:\/\/backlightmfg.com\/da\/wp-json\/wp\/v2\/media\/1544"}],"wp:attachment":[{"href":"https:\/\/backlightmfg.com\/da\/wp-json\/wp\/v2\/media?parent=1552"}],"wp:term":[{"taxonomy":"product_cat","embeddable":true,"href":"https:\/\/backlightmfg.com\/da\/wp-json\/wp\/v2\/product_cat?post=1552"},{"taxonomy":"product_tag","embeddable":true,"href":"https:\/\/backlightmfg.com\/da\/wp-json\/wp\/v2\/product_tag?post=1552"}],"curies":[{"name":"wp","href":"https:\/\/api.w.org\/{rel}","templated":true}]}}