{"id":1550,"date":"2024-07-08T08:09:39","date_gmt":"2024-07-08T08:09:39","guid":{"rendered":"https:\/\/backlightmfg.com\/manufacturer\/el-backlighting\/"},"modified":"2024-09-15T06:29:47","modified_gmt":"2024-09-15T06:29:47","slug":"el-backlighting","status":"publish","type":"product","link":"https:\/\/backlightmfg.com\/da\/el-backlighting\/","title":{"rendered":"EL-baggrundsbelysning"},"content":{"rendered":"<p>EL-baggrundsbelysningskilden er kendetegnet ved sin lysstyrke, ensartethed, bl\u00f8dhed og holdbarhed, hvilket g\u00f8r den bredt anvendelig inden for forskellige omr\u00e5der som f.eks. displaypaneler, kommercielle billboards og dekorativ belysning.<\/p>\n<h3><strong>De vigtigste fordele ved EL-baggrundsbelysning:<\/strong><\/h3>\n<ul>\n<li><strong style=\"color: #555555; font-size: 14.4px;\">Energieffektivitet:<\/strong><span style=\"color: #555555; font-size: 14.4px;\">\u00a0De bruger betydeligt mindre energi end gl\u00f8delamper og lysstofr\u00f8r, hvilket betyder lavere driftsomkostninger og mindre milj\u00f8p\u00e5virkning.<\/span><\/li>\n<li><strong style=\"color: #555555; font-size: 14.4px;\">Ensartethed:<\/strong><span style=\"color: #555555; font-size: 14.4px;\">\u00a0De giver en ensartet og konsekvent belysning over hele overfladen og eliminerer bl\u00e6nding og hotspots.<\/span><\/li>\n<li><strong style=\"color: #555555; font-size: 14.4px;\">Bl\u00f8dhed:<\/strong><span style=\"color: #555555; font-size: 14.4px;\">\u00a0Det udsendte lys fra EL-baggrundsbelysning er bl\u00f8dt og diffust, hvilket skaber en behagelig og behagelig synsoplevelse.<\/span><\/li>\n<li><strong style=\"color: #555555; font-size: 14.4px;\">Holdbarhed: De<\/strong><span style=\"color: #555555; font-size: 14.4px;\">\u00a0er meget holdbare og modstandsdygtige over for st\u00f8d og vibrationer, hvilket g\u00f8r dem velegnede til kr\u00e6vende anvendelser.<\/span><\/li>\n<li><strong style=\"color: #555555; font-size: 14.4px;\">Fleksibilitet i designet:<\/strong><span style=\"color: #555555; font-size: 14.4px;\">\u00a0De kan nemt formes og tilpasses, s\u00e5 de passer til forskellige designkrav.<\/span><\/li>\n<li><strong style=\"color: #555555; font-size: 14.4px;\">Farvemuligheder:<\/strong><span style=\"color: #555555; font-size: 14.4px;\">\u00a0De kan producere en bred vifte af farver, herunder fuldfarver, hvilket forbedrer den visuelle appel og designmulighederne.<\/span><\/li>\n<\/ul>\n<h3><strong style=\"font-size: 23.04px;\">Udbredte anvendelser af EL-baggrundsbelysning:<\/strong><\/h3>\n<p>EL har fundet omfattende anvendelse inden for forskellige omr\u00e5der:<\/p>\n<ul>\n<li><strong style=\"color: #555555; font-size: 14.4px;\">Sk\u00e6rmpaneler:<\/strong><span style=\"color: #555555; font-size: 14.4px;\">\u00a0De bruges ofte i LCD- og OLED-sk\u00e6rme til smartphones, tablets, b\u00e6rbare computere og fjernsyn.<\/span><\/li>\n<li><strong style=\"color: #555555; font-size: 14.4px;\">Kommercielle reklametavler:<\/strong><span style=\"color: #555555; font-size: 14.4px;\">\u00a0De oplyser kommercielle billboards og giver i\u00f8jnefaldende og levende reklamer.<\/span><\/li>\n<li><strong style=\"color: #555555; font-size: 14.4px;\">Dekorativ belysning:<\/strong><span style=\"color: #555555; font-size: 14.4px;\">\u00a0De bruges i dekorative belysningsarmaturer, der skaber stemning og visuelle accenter.<\/span><\/li>\n<li><strong style=\"color: #555555; font-size: 14.4px;\">Interi\u00f8r til biler:<\/strong><span style=\"color: #555555; font-size: 14.4px;\">\u00a0De er indbygget i bilers instrumentbr\u00e6tter, instrumentpaneler og kontrolknapper.<\/span><\/li>\n<li><strong style=\"color: #555555; font-size: 14.4px;\">Medicinsk udstyr:<\/strong><span style=\"color: #555555; font-size: 14.4px;\">\u00a0De bruges i medicinsk udstyr til klar og pr\u00e6cis visualisering.<\/span><\/li>\n<li><strong style=\"color: #555555; font-size: 14.4px;\">Industrielle anvendelser:<\/strong><span style=\"color: #555555; font-size: 14.4px;\">\u00a0De bruges i industrielle kontrolpaneler og til skiltning for at \u00f8ge synligheden.<\/span><\/li>\n<\/ul>","protected":false},"excerpt":{"rendered":"<p>EL-baggrundsbelysning har revolutioneret belysningsteknologien og tilbyder et overlegent alternativ til traditionelle lyskilder. Deres energieffektivitet, ensartethed, bl\u00f8dhed, holdbarhed, designfleksibilitet og farvemuligheder g\u00f8r dem til en alsidig og efterspurgt l\u00f8sning til en bred vifte af anvendelser. Efterh\u00e5nden som teknologien udvikler sig, forventes EL-baggrundsbelysning at forts\u00e6tte med at udvikle sig og give endnu mere innovative og effektive belysningsl\u00f8sninger.<\/p>","protected":false},"featured_media":1538,"comment_status":"closed","ping_status":"closed","template":"","meta":[],"product_cat":[15],"product_tag":[],"_links":{"self":[{"href":"https:\/\/backlightmfg.com\/da\/wp-json\/wp\/v2\/product\/1550"}],"collection":[{"href":"https:\/\/backlightmfg.com\/da\/wp-json\/wp\/v2\/product"}],"about":[{"href":"https:\/\/backlightmfg.com\/da\/wp-json\/wp\/v2\/types\/product"}],"replies":[{"embeddable":true,"href":"https:\/\/backlightmfg.com\/da\/wp-json\/wp\/v2\/comments?post=1550"}],"wp:featuredmedia":[{"embeddable":true,"href":"https:\/\/backlightmfg.com\/da\/wp-json\/wp\/v2\/media\/1538"}],"wp:attachment":[{"href":"https:\/\/backlightmfg.com\/da\/wp-json\/wp\/v2\/media?parent=1550"}],"wp:term":[{"taxonomy":"product_cat","embeddable":true,"href":"https:\/\/backlightmfg.com\/da\/wp-json\/wp\/v2\/product_cat?post=1550"},{"taxonomy":"product_tag","embeddable":true,"href":"https:\/\/backlightmfg.com\/da\/wp-json\/wp\/v2\/product_tag?post=1550"}],"curies":[{"name":"wp","href":"https:\/\/api.w.org\/{rel}","templated":true}]}}