{"id":1549,"date":"2024-07-08T08:09:39","date_gmt":"2024-07-08T08:09:39","guid":{"rendered":"https:\/\/backlightmfg.com\/manufacturer\/fiber-optic-backlighting\/"},"modified":"2024-09-15T06:29:48","modified_gmt":"2024-09-15T06:29:48","slug":"fiber-optic-backlighting","status":"publish","type":"product","link":"https:\/\/backlightmfg.com\/da\/fiber-optic-backlighting\/","title":{"rendered":"Fiberoptisk baggrundsbelysning"},"content":{"rendered":"<p>Fiberoptisk baggrundsbelysning anvender tynde tr\u00e5de af glas- eller plastfibre, der fungerer som lysledere. Lyset tilf\u00f8res i den ene ende af det fiberoptiske kabel, typisk fra en LED-kilde. Dette lys bev\u00e6ger sig gennem kernen af fiberen p\u00e5 grund af et f\u00e6nomen, der kaldes intern refleksion, og preller af p\u00e5 de indre v\u00e6gge og minimerer lystabet. Lyset kommer ud i den anden ende af fiberen og oplyser m\u00e5lomr\u00e5det.<\/p>\n<h3><strong>Fordele ved fiberoptisk baggrundsbelysning:<\/strong><\/h3>\n<ul>\n<li><strong style=\"color: #555555; font-size: 14.4px;\">Fjernbetjent lyskilde:<\/strong><span style=\"color: #555555; font-size: 14.4px;\">\u00a0Lyskilden kan placeres v\u00e6k fra det belyste omr\u00e5de, hvilket reducerer varmeudviklingen og forbedrer designfleksibiliteten.<\/span><\/li>\n<li><strong style=\"color: #555555; font-size: 14.4px;\">Ensartet belysning:<\/strong><span style=\"color: #555555; font-size: 14.4px;\">\u00a0Fiberoptik fordeler lyset j\u00e6vnt, eliminerer bl\u00e6nding og hotspots og skaber en visuelt tiltalende og behagelig seeroplevelse.<\/span><\/li>\n<li><strong style=\"color: #555555; font-size: 14.4px;\">H\u00f8j lyseffektivitet:<\/strong><span style=\"color: #555555; font-size: 14.4px;\">\u00a0P\u00e5 grund af minimalt lystab i fibrene giver fiberoptisk baggrundsbelysning effektiv lystransmission.<\/span><\/li>\n<li><strong style=\"color: #555555; font-size: 14.4px;\">Holdbarhed:<\/strong><span style=\"color: #555555; font-size: 14.4px;\"> Fiberoptiske kabler er meget holdbare og modstandsdygtige over for vibrationer, st\u00f8d, ekstreme temperaturer \uff0c energibesparende \uff0c og n<\/span><span class=\"Y2IQFc\" lang=\"en\">o feber.<\/span><\/li>\n<li><strong style=\"color: #555555; font-size: 14.4px;\">Fleksibilitet i designet:<\/strong><span style=\"color: #555555; font-size: 14.4px;\">\u00a0Tynde og fleksible fibre kan nemt formes og tilpasses, s\u00e5 de passer til forskellige belysningskrav.<\/span><\/li>\n<li><strong style=\"color: #555555; font-size: 14.4px;\">K\u00f8lig betjening:<\/strong><span style=\"color: #555555; font-size: 14.4px;\">\u00a0Fiberoptiske kabler genererer ikke selv varme, hvilket bidrager til et k\u00f8ligere driftsmilj\u00f8.<\/span><\/li>\n<\/ul>\n<p>&nbsp;<\/p>\n<h3><strong style=\"font-size: 23.04px;\">Anvendelser af fiberoptisk baggrundsbelysning:<\/strong><\/h3>\n<ul>\n<li><strong style=\"color: #555555; font-size: 14.4px;\">LCD-sk\u00e6rme:<\/strong><span style=\"color: #555555; font-size: 14.4px;\">\u00a0Fiberoptisk baggrundsbelysning kan forbedre ensartetheden og lysstyrken p\u00e5 LCD-sk\u00e6rme i tv'er, b\u00e6rbare computere og andre elektroniske enheder.<\/span><\/li>\n<li><strong style=\"color: #555555; font-size: 14.4px;\">Skiltning og displays:<\/strong><span style=\"color: #555555; font-size: 14.4px;\">\u00a0De bruges i lysskilte, arkitektonisk belysning og salgsudstillinger for at opn\u00e5 en visuelt sl\u00e5ende effekt.<\/span><\/li>\n<li><strong style=\"color: #555555; font-size: 14.4px;\">Medicinsk udstyr:<\/strong><span style=\"color: #555555; font-size: 14.4px;\">\u00a0Fiberoptisk baggrundsbelysning giver kontrolleret og fokuseret belysning i medicinsk unders\u00f8gelses- og diagnoseudstyr.<\/span><\/li>\n<li><strong style=\"color: #555555; font-size: 14.4px;\">Machine Vision-systemer:<\/strong><span style=\"color: #555555; font-size: 14.4px;\">\u00a0Den ensartede lysfordeling g\u00f8r den ideel til maskinsyn, hvor der er behov for pr\u00e6cis inspektion af objekter.<\/span><\/li>\n<li><strong style=\"color: #555555; font-size: 14.4px;\">Kantbelysning:<\/strong><span style=\"color: #555555; font-size: 14.4px;\">\u00a0Fiberoptik kan skabe skarpe og veldefinerede kantbelysningseffekter til dekorative og arkitektoniske anvendelser.<\/span><\/li>\n<li><strong style=\"color: #555555; font-size: 14.4px;\">Specialiseret belysning:<\/strong><span style=\"color: #555555; font-size: 14.4px;\">\u00a0Fiberoptisk baggrundsbelysning anvendes i en r\u00e6kke specialiserede applikationer, herunder undervandsbelysning og instrumentbelysning.<\/span><\/li>\n<\/ul>","protected":false},"excerpt":{"rendered":"<p>Fiberoptisk baggrundsbelysning er en unik og alsidig belysningsl\u00f8sning. Kombinationen af ekstern lyskilde, ensartet lysfordeling, h\u00f8j effektivitet og designfleksibilitet g\u00f8r det til en v\u00e6rdifuld teknologi til forskellige anvendelser. Efterh\u00e5nden som teknologien udvikler sig, forventes fiberoptisk baggrundsbelysning at finde endnu flere innovative anvendelser i fremtiden.<\/p>","protected":false},"featured_media":1539,"comment_status":"closed","ping_status":"closed","template":"","meta":[],"product_cat":[15],"product_tag":[],"_links":{"self":[{"href":"https:\/\/backlightmfg.com\/da\/wp-json\/wp\/v2\/product\/1549"}],"collection":[{"href":"https:\/\/backlightmfg.com\/da\/wp-json\/wp\/v2\/product"}],"about":[{"href":"https:\/\/backlightmfg.com\/da\/wp-json\/wp\/v2\/types\/product"}],"replies":[{"embeddable":true,"href":"https:\/\/backlightmfg.com\/da\/wp-json\/wp\/v2\/comments?post=1549"}],"wp:featuredmedia":[{"embeddable":true,"href":"https:\/\/backlightmfg.com\/da\/wp-json\/wp\/v2\/media\/1539"}],"wp:attachment":[{"href":"https:\/\/backlightmfg.com\/da\/wp-json\/wp\/v2\/media?parent=1549"}],"wp:term":[{"taxonomy":"product_cat","embeddable":true,"href":"https:\/\/backlightmfg.com\/da\/wp-json\/wp\/v2\/product_cat?post=1549"},{"taxonomy":"product_tag","embeddable":true,"href":"https:\/\/backlightmfg.com\/da\/wp-json\/wp\/v2\/product_tag?post=1549"}],"curies":[{"name":"wp","href":"https:\/\/api.w.org\/{rel}","templated":true}]}}