{"id":1793,"date":"2024-08-03T06:46:11","date_gmt":"2024-08-03T06:46:11","guid":{"rendered":"https:\/\/backlightmfg.com\/?post_type=product&#038;p=1793"},"modified":"2024-09-15T06:29:42","modified_gmt":"2024-09-15T06:29:42","slug":"lgf-light-guide-film","status":"publish","type":"product","link":"https:\/\/backlightmfg.com\/cs\/lgf-light-guide-film\/","title":{"rendered":"LGF (sv\u011btlovodn\u00e1 f\u00f3lie)"},"content":{"rendered":"<h3 data-sourcepos=\"3:1-3:53\">Co je LGF?<\/h3>\n<ul>\n<li data-sourcepos=\"3:1-3:53\">Light Guide Film (LGF) je tenk\u00e1, opticky pr\u016fhledn\u00e1 plastov\u00e1 f\u00f3lie ur\u010den\u00e1 k rovnom\u011brn\u00e9mu rozv\u00e1d\u011bn\u00ed sv\u011btla z okrajov\u011b osv\u011btlen\u00e9ho zdroje po cel\u00e9m sv\u00e9m povrchu. Tato technologie je nezbytn\u00e1 pro vytvo\u0159en\u00ed rovnom\u011brn\u00e9ho podsv\u00edcen\u00ed v r\u016fzn\u00fdch aplikac\u00edch, od podsv\u00edcen\u00fdch kl\u00e1vesnic a LCD displej\u016f a\u017e po n\u00e1pisy a interi\u00e9ry automobil\u016f.<\/li>\n<\/ul>\n<h3>Jak funguje sv\u011btlovodn\u00e1 f\u00f3lie?<\/h3>\n<ul>\n<li data-sourcepos=\"7:1-7:66\">LGF vyu\u017e\u00edv\u00e1 jedine\u010dnou mikrostrukturu na sv\u00e9m povrchu, kter\u00e1 zachycuje a l\u00e1me sv\u011btlo ze zdroje LED um\u00edst\u011bn\u00e9ho na okraji f\u00f3lie. Toto sv\u011btlo je pak rovnom\u011brn\u011b rozpt\u00fdleno po cel\u00e9m povrchu f\u00f3lie a vytv\u00e1\u0159\u00ed jasn\u00e9 a konzistentn\u00ed osv\u011btlen\u00ed.<\/li>\n<\/ul>\n<h3 data-sourcepos=\"7:1-7:66\">Funkce<\/h3>\n<ul>\n<li>ultratenk\u00e1 optick\u00e1 polykarbon\u00e1tov\u00e1 f\u00f3lie s p\u0159izp\u016fsoben\u00fdmi mikrosv\u011btlovodn\u00fdmi strukturami zaji\u0161\u0165uje rovnom\u011brn\u00fd sv\u011bteln\u00fd v\u00fdkon.<\/li>\n<li>Zobrazen\u00ed aplikac\u00ed: P\u0159edn\u00ed sv\u011bteln\u00e1 vodic\u00ed f\u00f3lie pro e-pap\u00edr a ve\u0159ejn\u00e9 n\u00e1pisy a dal\u0161\u00ed zobrazovac\u00ed aplikace.<\/li>\n<li>Automobilov\u00fd pr\u016fmysl: P\u0159\u00edstrojov\u00e1 deska\/dve\u0159n\u00ed \u0161t\u00edtek\/osv\u011btlen\u00ed interi\u00e9ru automobilu.<\/li>\n<li>Spot\u0159ebn\u00ed elektronika: podsv\u00edcen\u00e9 kl\u00e1vesnice \/ RGB Led ventil\u00e1tory \/ ovl\u00e1dac\u00ed panely.<\/li>\n<li>Domovsk\u00e9 aplikace: podsv\u00edcen\u00e1 dotykov\u00e1 tla\u010d\u00edtka<\/li>\n<\/ul>","protected":false},"excerpt":{"rendered":"<h4 id=\"tw-target-text\" class=\"tw-data-text tw-text-large tw-ta\" dir=\"ltr\" data-placeholder=\"Translation\" aria-label=\"P\u0159elo\u017een\u00fd text\" data-ved=\"2ahUKEwiFvaiamtiHAxXCnK8BHcMXH1QQ3ewLegQIERAU\"><strong><span class=\"Y2IQFc\" lang=\"en\">Parametry procesu <\/span>z LGF<\/strong><\/h4>\n<p dir=\"ltr\" data-placeholder=\"Translation\" aria-label=\"P\u0159elo\u017een\u00fd text\" data-ved=\"2ahUKEwiFvaiamtiHAxXCnK8BHcMXH1QQ3ewLegQIERAU\">Materi\u00e1l \uff1aPolykarbon\u00e1t (PC)<\/p>\n<p dir=\"ltr\" data-placeholder=\"Translation\" aria-label=\"P\u0159elo\u017een\u00fd text\" data-ved=\"2ahUKEwiFvaiamtiHAxXCnK8BHcMXH1QQ3ewLegQIERAU\">Tlou\u0161\u0165ka \uff1a0,075 mm, 0,1 mm, 0,125 mm<\/p>\n<p dir=\"ltr\" data-placeholder=\"Translation\" aria-label=\"P\u0159elo\u017een\u00fd text\" data-ved=\"2ahUKEwiFvaiamtiHAxXCnK8BHcMXH1QQ3ewLegQIERAU\">Velikost a tvar : Podle v\u00fdkresu z\u00e1kazn\u00edka.<\/p>","protected":false},"featured_media":1794,"comment_status":"open","ping_status":"closed","template":"","meta":[],"product_cat":[15],"product_tag":[],"_links":{"self":[{"href":"https:\/\/backlightmfg.com\/cs\/wp-json\/wp\/v2\/product\/1793"}],"collection":[{"href":"https:\/\/backlightmfg.com\/cs\/wp-json\/wp\/v2\/product"}],"about":[{"href":"https:\/\/backlightmfg.com\/cs\/wp-json\/wp\/v2\/types\/product"}],"replies":[{"embeddable":true,"href":"https:\/\/backlightmfg.com\/cs\/wp-json\/wp\/v2\/comments?post=1793"}],"wp:featuredmedia":[{"embeddable":true,"href":"https:\/\/backlightmfg.com\/cs\/wp-json\/wp\/v2\/media\/1794"}],"wp:attachment":[{"href":"https:\/\/backlightmfg.com\/cs\/wp-json\/wp\/v2\/media?parent=1793"}],"wp:term":[{"taxonomy":"product_cat","embeddable":true,"href":"https:\/\/backlightmfg.com\/cs\/wp-json\/wp\/v2\/product_cat?post=1793"},{"taxonomy":"product_tag","embeddable":true,"href":"https:\/\/backlightmfg.com\/cs\/wp-json\/wp\/v2\/product_tag?post=1793"}],"curies":[{"name":"wp","href":"https:\/\/api.w.org\/{rel}","templated":true}]}}