{"id":1556,"date":"2024-07-08T08:09:40","date_gmt":"2024-07-08T08:09:40","guid":{"rendered":"https:\/\/backlightmfg.com\/manufacturer\/keyboard-backlight\/"},"modified":"2024-09-15T06:29:44","modified_gmt":"2024-09-15T06:29:44","slug":"keyboard-backlight","status":"publish","type":"product","link":"https:\/\/backlightmfg.com\/cs\/keyboard-backlight\/","title":{"rendered":"Podsv\u00edcen\u00ed kl\u00e1vesnice"},"content":{"rendered":"<p>Membr\u00e1nov\u00e9 kl\u00e1vesnice, zn\u00e1m\u00e9 sv\u00fdm tich\u00fdm chodem a cenovou dostupnost\u00ed, jsou st\u00e1le \u010dast\u011bji vybaveny podsv\u00edcen\u00edm, kter\u00e9 nab\u00edz\u00ed praktickou a stylovou modernizaci. Zde je bli\u017e\u0161\u00ed pohled na podsv\u00edcen\u00ed membr\u00e1nov\u00fdch kl\u00e1vesnic.<\/p>\n<h3><strong>Technologie podsv\u00edcen\u00ed kl\u00e1vesnice:<\/strong><\/h3>\n<p>Na rozd\u00edl od mechanick\u00fdch kl\u00e1vesnic s jednotliv\u00fdmi sp\u00edna\u010di pod ka\u017edou kl\u00e1vesou se membr\u00e1nov\u00e9 kl\u00e1vesnice spol\u00e9haj\u00ed na jedinou tlakovou membr\u00e1nu. Podsv\u00edcen\u00ed t\u011bchto kl\u00e1vesnic obvykle vyu\u017e\u00edv\u00e1:<\/p>\n<ul>\n<li><strong>Sv\u011btlovodn\u00e1 f\u00f3lie (LGF):<\/strong>Tato tenk\u00e1 pr\u016fhledn\u00e1 f\u00f3lie \u00fa\u010dinn\u011b rozv\u00e1d\u00ed sv\u011btlo z diod LED um\u00edst\u011bn\u00fdch strategicky po cel\u00e9 kl\u00e1vesnici. LGF pom\u00e1h\u00e1 dos\u00e1hnout rovnom\u011brn\u00e9ho osv\u011btlen\u00ed nap\u0159\u00ed\u010d kl\u00e1vesami.<\/li>\n<li><strong>LED diody pro povrchovou mont\u00e1\u017e (SMD):<\/strong>Tyto kompaktn\u00ed diody LED jsou um\u00edst\u011bny na ur\u010dit\u00fdch m\u00edstech na desce plo\u0161n\u00fdch spoj\u016f kl\u00e1vesnice, aby sm\u011b\u0159ovaly sv\u011btlo na LGF.<\/li>\n<\/ul>\n<h3><strong>V\u00fdhody:<\/strong><\/h3>\n<ul>\n<li><strong>Lep\u0161\u00ed viditelnost:<\/strong>Podsv\u00edcen\u00ed umo\u017e\u0148uje dob\u0159e vid\u011bt kl\u00e1vesy i p\u0159i slab\u00e9m osv\u011btlen\u00ed, co\u017e zvy\u0161uje p\u0159esnost a efektivitu psan\u00ed.<\/li>\n<li><strong>Zv\u00fd\u0161en\u00e1 produktivita:<\/strong>Jasn\u011bj\u0161\u00ed viditelnost kl\u00e1ves znamen\u00e1 m\u00e9n\u011b chyb a vy\u0161\u0161\u00ed rychlost psan\u00ed, co\u017e je v\u00fdhodn\u00e9 zejm\u00e9na pro no\u010dn\u00ed sovy nebo osoby pracuj\u00edc\u00ed v tmav\u00e9m prost\u0159ed\u00ed.<\/li>\n<li><strong>Sn\u00ed\u017een\u00ed nam\u00e1h\u00e1n\u00ed o\u010d\u00ed:<\/strong>M\u011bkk\u00e9 podsv\u00edcen\u00ed sni\u017euje nam\u00e1h\u00e1n\u00ed o\u010d\u00ed p\u0159i del\u0161\u00edm psan\u00ed.<\/li>\n<li><strong>Stylov\u00e1 estetika:<\/strong>Podsv\u00edcen\u00e9 kl\u00e1vesnice dodaj\u00ed va\u0161emu pracovn\u00edmu prostoru osobitost a \u0161mrnc, zejm\u00e9na d\u00edky p\u0159izp\u016fsobiteln\u00fdm mo\u017enostem osv\u011btlen\u00ed.<\/li>\n<\/ul>\n<h3><strong>V\u00fdhody oproti tradi\u010dn\u00edm membr\u00e1nov\u00fdm kl\u00e1vesnic\u00edm:<\/strong><\/h3>\n<ul>\n<li><strong>Vylep\u0161en\u00e1 funk\u010dnost:<\/strong>Podsv\u00edcen\u00ed \u0159e\u0161\u00ed kl\u00ed\u010dov\u00e9 omezen\u00ed tradi\u010dn\u00edch membr\u00e1nov\u00fdch kl\u00e1vesnic - \u0161patnou viditelnost p\u0159i slab\u00e9m osv\u011btlen\u00ed.<\/li>\n<li><strong>Vylep\u0161en\u00fd u\u017eivatelsk\u00fd z\u00e1\u017eitek:<\/strong>Kombinace pohodln\u00e9ho psan\u00ed a jasn\u00e9 viditelnosti kl\u00e1ves zlep\u0161uje celkov\u00fd u\u017eivatelsk\u00fd komfort.<\/li>\n<li><strong>Konkuren\u010dn\u00ed cena:<\/strong>Podsv\u00edcen\u00e9 membr\u00e1nov\u00e9 kl\u00e1vesnice nab\u00edzej\u00ed dobrou hodnotu a poskytuj\u00ed v\u00fdhody podsv\u00edcen\u00ed za p\u0159ijateln\u011bj\u0161\u00ed cenu ve srovn\u00e1n\u00ed s n\u011bkter\u00fdmi podsv\u00edcen\u00fdmi mechanick\u00fdmi kl\u00e1vesnicemi.<\/li>\n<\/ul>\n<h3><strong>Co je t\u0159eba zv\u00e1\u017eit:<\/strong><\/h3>\n<ul>\n<li><strong>Mo\u017enosti p\u0159izp\u016fsoben\u00ed:<\/strong>N\u011bkter\u00e9 podsv\u00edcen\u00e9 membr\u00e1nov\u00e9 kl\u00e1vesnice sice nejsou tak rozs\u00e1hl\u00e9 jako n\u011bkter\u00e9 mechanick\u00e9 kl\u00e1vesnice, ale nab\u00edzej\u00ed nastaviteln\u00e9 \u00farovn\u011b jasu a p\u0159\u00edpadn\u011b jednobarevn\u00e9 nebo v\u00edcebarevn\u00e9 osv\u011btlen\u00ed.<\/li>\n<li><strong>\u00danik sv\u011btla:<\/strong>U n\u011bkter\u00fdch model\u016f m\u016f\u017ee doch\u00e1zet k prosakov\u00e1n\u00ed sv\u011btla kolem krytek kl\u00e1ves, co\u017e m\u016f\u017ee n\u011bkter\u00fdm u\u017eivatel\u016fm vadit.<\/li>\n<\/ul>","protected":false},"excerpt":{"rendered":"<p>Membr\u00e1nov\u00e9 podsv\u00edcen\u00ed kl\u00e1vesnice p\u0159edstavuje p\u0159esv\u011bd\u010divou kombinaci funk\u010dnosti a stylu. Zvy\u0161uj\u00ed pou\u017eitelnost p\u0159i slab\u00e9m osv\u011btlen\u00ed, zlep\u0161uj\u00ed u\u017eivatelsk\u00fd komfort a dod\u00e1vaj\u00ed pracovn\u00edmu prostoru \u0161mrnc, a to v\u0161e za p\u0159\u00edznivou cenu. S rozvojem technologi\u00ed m\u016f\u017eeme u podsv\u00edcen\u00fdch membr\u00e1nov\u00fdch kl\u00e1vesnic o\u010dek\u00e1vat dal\u0161\u00ed vylep\u0161en\u00ed mo\u017enost\u00ed p\u0159izp\u016fsoben\u00ed, rozptylu sv\u011btla a energetick\u00e9 \u00fa\u010dinnosti.<\/p>","protected":false},"featured_media":1541,"comment_status":"closed","ping_status":"closed","template":"","meta":[],"product_cat":[15],"product_tag":[],"_links":{"self":[{"href":"https:\/\/backlightmfg.com\/cs\/wp-json\/wp\/v2\/product\/1556"}],"collection":[{"href":"https:\/\/backlightmfg.com\/cs\/wp-json\/wp\/v2\/product"}],"about":[{"href":"https:\/\/backlightmfg.com\/cs\/wp-json\/wp\/v2\/types\/product"}],"replies":[{"embeddable":true,"href":"https:\/\/backlightmfg.com\/cs\/wp-json\/wp\/v2\/comments?post=1556"}],"wp:featuredmedia":[{"embeddable":true,"href":"https:\/\/backlightmfg.com\/cs\/wp-json\/wp\/v2\/media\/1541"}],"wp:attachment":[{"href":"https:\/\/backlightmfg.com\/cs\/wp-json\/wp\/v2\/media?parent=1556"}],"wp:term":[{"taxonomy":"product_cat","embeddable":true,"href":"https:\/\/backlightmfg.com\/cs\/wp-json\/wp\/v2\/product_cat?post=1556"},{"taxonomy":"product_tag","embeddable":true,"href":"https:\/\/backlightmfg.com\/cs\/wp-json\/wp\/v2\/product_tag?post=1556"}],"curies":[{"name":"wp","href":"https:\/\/api.w.org\/{rel}","templated":true}]}}