{"id":1555,"date":"2024-07-08T08:09:39","date_gmt":"2024-07-08T08:09:39","guid":{"rendered":"https:\/\/backlightmfg.com\/manufacturer\/phone-backlight\/"},"modified":"2024-09-15T06:29:44","modified_gmt":"2024-09-15T06:29:44","slug":"phone-backlight","status":"publish","type":"product","link":"https:\/\/backlightmfg.com\/cs\/phone-backlight\/","title":{"rendered":"Podsv\u00edcen\u00ed telefonu"},"content":{"rendered":"<p>Podsv\u00edcen\u00ed telefonu je d\u016fle\u017eitou sou\u010d\u00e1st\u00ed, kter\u00e1 v\u00e1m umo\u017en\u00ed jasn\u011b vid\u011bt obsah na obrazovce telefonu i za zhor\u0161en\u00fdch sv\u011bteln\u00fdch podm\u00ednek. Je to neviditeln\u00fd hrdina, kter\u00fd stoj\u00ed za \u017eiv\u00fdm displejem, s n\u00edm\u017e denn\u011b p\u0159ich\u00e1z\u00edte do styku. Zde je rozd\u011blen\u00ed podsv\u00edcen\u00ed telefonu:<\/p>\n<h3><strong>Technologie podsv\u00edcen\u00ed telefonu:<\/strong><\/h3>\n<p>Modern\u00ed chytr\u00e9 telefony pou\u017e\u00edvaj\u00ed p\u0159edev\u0161\u00edm podsv\u00edcen\u00ed LED, kter\u00e9 nahradilo star\u0161\u00ed technologie, jako jsou z\u00e1\u0159ivky. LED diody maj\u00ed \u0159adu v\u00fdhod:<\/p>\n<ul>\n<li><strong>Energetick\u00e1 \u00fa\u010dinnost:<\/strong>LED diody spot\u0159ebov\u00e1vaj\u00ed v\u00fdrazn\u011b m\u00e9n\u011b energie ne\u017e tradi\u010dn\u00ed podsv\u00edcen\u00ed, \u010d\u00edm\u017e prodlu\u017euj\u00ed \u017eivotnost baterie a sni\u017euj\u00ed dopad na \u017eivotn\u00ed prost\u0159ed\u00ed.<\/li>\n<li><strong>Rovnom\u011brn\u00e9 osv\u011btlen\u00ed:<\/strong>Podsv\u00edcen\u00ed LED rovnom\u011brn\u011b rozd\u011bluje sv\u011btlo po cel\u00e9 obrazovce, \u010d\u00edm\u017e minimalizuje odlesky a hork\u00e9 body a zaji\u0161\u0165uje pohodln\u00e9 sledov\u00e1n\u00ed.<\/li>\n<li><strong>Nastaviteln\u00fd jas:<\/strong>Intenzitu podsv\u00edcen\u00ed m\u016f\u017eete nastavit podle sv\u00fdch pot\u0159eb a okoln\u00edch sv\u011bteln\u00fdch podm\u00ednek, \u010d\u00edm\u017e d\u00e1le optimalizujete v\u00fddr\u017e baterie a pohodl\u00ed o\u010d\u00ed.<\/li>\n<\/ul>\n<h3><strong>V\u00fdhody:<\/strong><\/h3>\n<ul>\n<li><strong>Jasnost :<\/strong>Podsv\u00edcen\u00ed zaji\u0161\u0165uje jasnou viditelnost textu, obr\u00e1zk\u016f a vide\u00ed na obrazovce telefonu.<\/li>\n<li><strong>P\u0159izp\u016fsobitelnost :<\/strong>Nastaviteln\u00fd jas v\u00e1m umo\u017en\u00ed p\u0159izp\u016fsobit si z\u00e1\u017eitek ze sledov\u00e1n\u00ed, a\u0165 u\u017e d\u00e1v\u00e1te p\u0159ednost jasn\u00e9 obrazovce venku, nebo jemn\u011bj\u0161\u00edmu sv\u011btlu v noci.<\/li>\n<li><strong>No\u010dn\u00ed re\u017eim \u010dten\u00ed:<\/strong>N\u011bkter\u00e9 telefony nab\u00edzej\u00ed re\u017eim no\u010dn\u00edho \u010dten\u00ed, kter\u00fd upravuje teplotu barev podsv\u00edcen\u00ed, aby se sn\u00ed\u017eila \u00fanavnost o\u010d\u00ed p\u0159i no\u010dn\u00edm \u010dten\u00ed.<\/li>\n<\/ul>\n<h3><strong>\u00davahy:<\/strong><\/h3>\n<ul>\n<li><strong>V\u00fddr\u017e baterie:<\/strong>Jas podsv\u00edcen\u00ed v\u00fdrazn\u011b ovliv\u0148uje v\u00fddr\u017e baterie. Sn\u00ed\u017een\u00ed jasu m\u016f\u017ee znateln\u011b prodlou\u017eit v\u00fddr\u017e baterie na jedno nabit\u00ed.<\/li>\n<li><strong>Nam\u00e1h\u00e1n\u00ed o\u010d\u00ed:<\/strong>Nep\u0159etr\u017eit\u00e9 vystaven\u00ed jasn\u00fdm obrazovk\u00e1m m\u016f\u017ee zp\u016fsobit \u00fanavu o\u010d\u00ed. Nastaven\u00ed jasu a pou\u017eit\u00ed re\u017eimu no\u010dn\u00edho \u010dten\u00ed m\u016f\u017ee pomoci tento probl\u00e9m zm\u00edrnit.<\/li>\n<li><strong>Technologie zobrazen\u00ed:<\/strong>V\u00fdkon podsv\u00edcen\u00ed spolupracuje s technologi\u00ed displeje telefonu (nap\u0159. LCD, OLED). Nap\u0159\u00edklad displeje OLED mohou nab\u00edzet lep\u0161\u00ed kontrast d\u00edky sv\u00e9 samosv\u00edt\u00edc\u00ed povaze.<\/li>\n<\/ul>","protected":false},"excerpt":{"rendered":"<p>Podsv\u00edcen\u00ed telefonu je kl\u00ed\u010dovou sou\u010d\u00e1st\u00ed, kter\u00e1 hraje z\u00e1sadn\u00ed roli v u\u017eivatelsk\u00e9m z\u00e1\u017eitku. Jeho energetick\u00e1 \u00fa\u010dinnost, nastaviteln\u00fd jas a schopnost poskytovat jasn\u00fd obraz z n\u011bj \u010din\u00ed z\u00e1kladn\u00ed technologii pro na\u0161e mobiln\u00ed za\u0159\u00edzen\u00ed. S pokra\u010duj\u00edc\u00edm pokrokem v technologii displej\u016f a konstrukci podsv\u00edcen\u00ed m\u016f\u017eeme u budouc\u00edch chytr\u00fdch telefon\u016f o\u010dek\u00e1vat je\u0161t\u011b \u00fa\u010dinn\u011bj\u0161\u00ed a u\u017eivatelsky p\u0159\u00edv\u011btiv\u011bj\u0161\u00ed \u0159e\u0161en\u00ed podsv\u00edcen\u00ed.<\/p>","protected":false},"featured_media":1545,"comment_status":"closed","ping_status":"closed","template":"","meta":[],"product_cat":[15],"product_tag":[],"_links":{"self":[{"href":"https:\/\/backlightmfg.com\/cs\/wp-json\/wp\/v2\/product\/1555"}],"collection":[{"href":"https:\/\/backlightmfg.com\/cs\/wp-json\/wp\/v2\/product"}],"about":[{"href":"https:\/\/backlightmfg.com\/cs\/wp-json\/wp\/v2\/types\/product"}],"replies":[{"embeddable":true,"href":"https:\/\/backlightmfg.com\/cs\/wp-json\/wp\/v2\/comments?post=1555"}],"wp:featuredmedia":[{"embeddable":true,"href":"https:\/\/backlightmfg.com\/cs\/wp-json\/wp\/v2\/media\/1545"}],"wp:attachment":[{"href":"https:\/\/backlightmfg.com\/cs\/wp-json\/wp\/v2\/media?parent=1555"}],"wp:term":[{"taxonomy":"product_cat","embeddable":true,"href":"https:\/\/backlightmfg.com\/cs\/wp-json\/wp\/v2\/product_cat?post=1555"},{"taxonomy":"product_tag","embeddable":true,"href":"https:\/\/backlightmfg.com\/cs\/wp-json\/wp\/v2\/product_tag?post=1555"}],"curies":[{"name":"wp","href":"https:\/\/api.w.org\/{rel}","templated":true}]}}