{"id":1554,"date":"2024-07-08T08:09:39","date_gmt":"2024-07-08T08:09:39","guid":{"rendered":"https:\/\/backlightmfg.com\/manufacturer\/tv-backlight\/"},"modified":"2024-09-15T06:29:45","modified_gmt":"2024-09-15T06:29:45","slug":"tv-backlight","status":"publish","type":"product","link":"https:\/\/backlightmfg.com\/cs\/tv-backlight\/","title":{"rendered":"Podsv\u00edcen\u00ed televizoru"},"content":{"rendered":"<p>Podsv\u00edcen\u00ed televizoru hraje z\u00e1sadn\u00ed roli p\u0159i poskytov\u00e1n\u00ed podmaniv\u00e9ho a p\u0159\u00edjemn\u00e9ho z\u00e1\u017eitku ze sledov\u00e1n\u00ed. Je to skryt\u00fd zdroj sv\u011btla za obrazovkou, kter\u00fd ovliv\u0148uje kvalitu obrazu, u\u017eivatelsk\u00fd komfort a dokonce i estetiku va\u0161eho dom\u00e1c\u00edho kina.<\/p>\n<h3><strong>Technologie podsv\u00edcen\u00ed televizoru:<\/strong><\/h3>\n<p>Modern\u00ed televizory pou\u017e\u00edvaj\u00ed p\u0159edev\u0161\u00edm dv\u011b technologie podsv\u00edcen\u00ed:<\/p>\n<ul>\n<li><strong style=\"color: #555555; font-size: 14.4px;\">Podsv\u00edcen\u00ed LED:<\/strong><span style=\"color: #555555; font-size: 14.4px;\">\u00a0Tato dominantn\u00ed technologie vyu\u017e\u00edv\u00e1 jako zdroj sv\u011btla sv\u011bteln\u00e9 diody (LED). LED diody maj\u00ed n\u011bkolik v\u00fdhod:<\/span><\/li>\n<li><strong>Energetick\u00e1 \u00fa\u010dinnost:<\/strong>Ni\u017e\u0161\u00ed spot\u0159eba energie znamen\u00e1 ni\u017e\u0161\u00ed \u00fa\u010dty za energii a men\u0161\u00ed dopad na \u017eivotn\u00ed prost\u0159ed\u00ed.<\/li>\n<li><strong>Rovnom\u011brn\u00e9 osv\u011btlen\u00ed:<\/strong>LED diody zaji\u0161\u0165uj\u00ed rovnom\u011brn\u011bj\u0161\u00ed rozlo\u017een\u00ed sv\u011btla po cel\u00e9 obrazovce, \u010d\u00edm\u017e sni\u017euj\u00ed osln\u011bn\u00ed a hork\u00e9 body, a zaji\u0161\u0165uj\u00ed tak pohodln\u011bj\u0161\u00ed sledov\u00e1n\u00ed.<\/li>\n<li><strong>Nastaviteln\u00fd jas:<\/strong>Intenzitu podsv\u00edcen\u00ed m\u016f\u017eete nastavit podle okoln\u00edho osv\u011btlen\u00ed a typu obsahu, co\u017e d\u00e1le zvy\u0161uje pohodl\u00ed a optimalizuje spot\u0159ebu energie.<\/li>\n<li><strong style=\"color: #555555; font-size: 14.4px;\">M\u00edstn\u00ed stm\u00edv\u00e1n\u00ed cel\u00e9ho pole (FALD):<\/strong><span style=\"color: #555555; font-size: 14.4px;\">\u00a0Tato pokro\u010dil\u00e1 technologie podsv\u00edcen\u00ed LED umo\u017e\u0148uje vytv\u00e1\u0159et jednotliv\u00e9 z\u00f3ny stm\u00edv\u00e1n\u00ed v r\u00e1mci podsv\u00edcen\u00ed. To umo\u017e\u0148uje:<\/span><\/li>\n<li><strong>Vylep\u0161en\u00fd kontrast:<\/strong>Ztlumen\u00edm z\u00f3n podsv\u00edcen\u00ed, kter\u00e9 odpov\u00eddaj\u00ed tmav\u00fdm oblastem na obrazovce, vytv\u00e1\u0159\u00ed FALD hlub\u0161\u00ed \u010dernou a bohat\u0161\u00ed kontrasty pro realisti\u010dt\u011bj\u0161\u00ed obraz.<\/li>\n<li><strong>Sn\u00ed\u017een\u00e9 kveten\u00ed:<\/strong>K rozkv\u011btu doch\u00e1z\u00ed, kdy\u017e sv\u011btl\u00e9 oblasti \"prosakuj\u00ed\" do tmav\u00fdch oblast\u00ed na obrazovce. FALD tento efekt minimalizuje p\u0159esn\u00fdm \u0159\u00edzen\u00edm jednotliv\u00fdch z\u00f3n podsv\u00edcen\u00ed.<\/li>\n<\/ul>\n<h3><strong>V\u00fdhody:<\/strong><\/h3>\n<ul>\n<li><strong>Vylep\u0161en\u00e1 kvalita obrazu:<\/strong>Podsv\u00edcen\u00ed osv\u011btluje displej, tak\u017ee vid\u00edte \u017eiv\u00e9 barvy, jasn\u00e9 detaily a hlubokou \u010dernou pro v\u011bt\u0161\u00ed z\u00e1\u017eitek ze sledov\u00e1n\u00ed.<\/li>\n<li><strong>Zlep\u0161en\u00e1 p\u0159ehlednost:<\/strong>Rovnom\u011brn\u00e9 osv\u011btlen\u00ed sni\u017euje osln\u011bn\u00ed a hork\u00e9 skvrny a zaji\u0161\u0165uje jasn\u00e9 a pohodln\u00e9 zobrazen\u00ed bez ohledu na zobrazovan\u00fd obsah.<\/li>\n<li><strong>Sn\u00ed\u017een\u00ed nam\u00e1h\u00e1n\u00ed o\u010d\u00ed:<\/strong>Nastaviteln\u00fd jas umo\u017e\u0148uje nastavit \u00farove\u0148, kter\u00e1 vyhovuje okoln\u00edmu osv\u011btlen\u00ed a sni\u017euje nam\u00e1h\u00e1n\u00ed o\u010d\u00ed, zejm\u00e9na p\u0159i del\u0161\u00edm sledov\u00e1n\u00ed.<\/li>\n<li><strong>Estetick\u00e1 p\u0159ita\u017elivost:<\/strong>Podsv\u00edcen\u00ed p\u0159isp\u00edv\u00e1 k modern\u011bj\u0161\u00edmu a elegantn\u011bj\u0161\u00edmu vzhledu televizoru a zlep\u0161uje celkov\u00fd vzhled va\u0161eho dom\u00e1c\u00edho kina.<\/li>\n<\/ul>\n<h3><strong>\u00davahy:<\/strong><\/h3>\n<ul>\n<li><strong>Typ podsv\u00edcen\u00ed:<\/strong>Standardn\u00ed podsv\u00edcen\u00ed LED nab\u00edz\u00ed dobr\u00fd obecn\u00fd v\u00fdkon, zat\u00edmco FALD nab\u00edz\u00ed vynikaj\u00edc\u00ed kontrast a sn\u00ed\u017een\u00fd v\u00fdkv\u011bt. Televizory s podsv\u00edcen\u00edm FALD v\u0161ak b\u00fdvaj\u00ed dra\u017e\u0161\u00ed.<\/li>\n<li><strong>Po\u010det stm\u00edvac\u00edch z\u00f3n:<\/strong>V\u00edce stm\u00edvac\u00edch z\u00f3n u podsv\u00edcen\u00ed FALD umo\u017e\u0148uje jemn\u011bj\u0161\u00ed ovl\u00e1d\u00e1n\u00ed a lep\u0161\u00ed kvalitu obrazu, ale m\u016f\u017ee tak\u00e9 zv\u00fd\u0161it n\u00e1klady.<\/li>\n<li><strong>Typ obsahu :<\/strong>V\u00fdkon podsv\u00edcen\u00ed m\u016f\u017ee ovlivnit z\u00e1\u017eitek ze sledov\u00e1n\u00ed r\u016fzn\u00e9ho obsahu. Nap\u0159\u00edklad tmav\u00e9 sc\u00e9ny ve filmech vyu\u017e\u00edvaj\u00ed FALD v\u00edce ne\u017e jasn\u00fd denn\u00ed obsah.<\/li>\n<\/ul>\n<h3><strong>Budoucnost televizn\u00edho podsv\u00edcen\u00ed:<\/strong><\/h3>\n<p>Technologie podsv\u00edcen\u00ed se neust\u00e1le zdokonaluje a jej\u00edm c\u00edlem je zajistit je\u0161t\u011b lep\u0161\u00ed kvalitu obrazu a u\u017eivatelsk\u00fd z\u00e1\u017eitek. Zde je n\u011bkolik mo\u017en\u00fdch budouc\u00edch trend\u016f:<\/p>\n<ul>\n<li><strong>Podsv\u00edcen\u00ed MicroLED:<\/strong>Tato technologie nov\u00e9 generace vyu\u017e\u00edv\u00e1 mikroskopick\u00e9 LED diody pro je\u0161t\u011b p\u0159esn\u011bj\u0161\u00ed lok\u00e1ln\u00ed stm\u00edv\u00e1n\u00ed, co\u017e vede k vynikaj\u00edc\u00edmu kontrastu a v\u00fdkonu HDR (High Dynamic Range).<\/li>\n<li><strong>Displeje OLED:<\/strong>Technologie organick\u00fdch sv\u011bteln\u00fdch diod zcela eliminuje pot\u0159ebu podsv\u00edcen\u00ed, proto\u017ee jednotliv\u00e9 pixely se mohou osv\u011btlovat samy, co\u017e nab\u00edz\u00ed dokonalou \u010dernou a bezkonkuren\u010dn\u00ed kontrastn\u00ed pom\u011bry.<\/li>\n<\/ul>","protected":false},"excerpt":{"rendered":"<p>Podsv\u00edcen\u00ed televizoru je nezbytnou sou\u010d\u00e1st\u00ed pro dosa\u017een\u00ed \u00fachvatn\u00e9ho z\u00e1\u017eitku ze sledov\u00e1n\u00ed. Pokud zn\u00e1te technologie podsv\u00edcen\u00ed a jejich vliv na kvalitu obrazu, m\u016f\u017eete si vybrat ten nejlep\u0161\u00ed televizor, kter\u00fd bude vyhovovat va\u0161im div\u00e1ck\u00fdm preferenc\u00edm a rozpo\u010dtu. Technologie podsv\u00edcen\u00ed televizor\u016f se neust\u00e1le vyv\u00edj\u00ed, m\u016f\u017eeme o\u010dek\u00e1vat je\u0161t\u011b inovativn\u011bj\u0161\u00ed \u0159e\u0161en\u00ed, kter\u00e1 je\u0161t\u011b v\u00edce zv\u00fd\u0161\u00ed n\u00e1\u0161 po\u017eitek z dom\u00e1c\u00ed z\u00e1bavy.<\/p>","protected":false},"featured_media":1546,"comment_status":"closed","ping_status":"closed","template":"","meta":[],"product_cat":[15],"product_tag":[],"_links":{"self":[{"href":"https:\/\/backlightmfg.com\/cs\/wp-json\/wp\/v2\/product\/1554"}],"collection":[{"href":"https:\/\/backlightmfg.com\/cs\/wp-json\/wp\/v2\/product"}],"about":[{"href":"https:\/\/backlightmfg.com\/cs\/wp-json\/wp\/v2\/types\/product"}],"replies":[{"embeddable":true,"href":"https:\/\/backlightmfg.com\/cs\/wp-json\/wp\/v2\/comments?post=1554"}],"wp:featuredmedia":[{"embeddable":true,"href":"https:\/\/backlightmfg.com\/cs\/wp-json\/wp\/v2\/media\/1546"}],"wp:attachment":[{"href":"https:\/\/backlightmfg.com\/cs\/wp-json\/wp\/v2\/media?parent=1554"}],"wp:term":[{"taxonomy":"product_cat","embeddable":true,"href":"https:\/\/backlightmfg.com\/cs\/wp-json\/wp\/v2\/product_cat?post=1554"},{"taxonomy":"product_tag","embeddable":true,"href":"https:\/\/backlightmfg.com\/cs\/wp-json\/wp\/v2\/product_tag?post=1554"}],"curies":[{"name":"wp","href":"https:\/\/api.w.org\/{rel}","templated":true}]}}