{"id":1553,"date":"2024-07-08T08:09:39","date_gmt":"2024-07-08T08:09:39","guid":{"rendered":"https:\/\/backlightmfg.com\/manufacturer\/film-backlighting\/"},"modified":"2024-09-15T06:29:45","modified_gmt":"2024-09-15T06:29:45","slug":"film-backlighting","status":"publish","type":"product","link":"https:\/\/backlightmfg.com\/cs\/film-backlighting\/","title":{"rendered":"Podsv\u00edcen\u00ed filmu"},"content":{"rendered":"<p>Filmov\u00e9 podsv\u00edcen\u00ed, zn\u00e1m\u00e9 tak\u00e9 jako sv\u011btlovodn\u00e9 f\u00f3lie (LGF), se stalo v\u00fdznamnou technologi\u00ed osv\u011btlen\u00ed, kter\u00e1 nab\u00edz\u00ed \u0159adu v\u00fdhod oproti tradi\u010dn\u00edm metod\u00e1m podsv\u00edcen\u00ed. Tyto tenk\u00e9, flexibiln\u00ed f\u00f3lie se vyr\u00e1b\u011bj\u00ed z ekologicky \u0161etrn\u00fdch materi\u00e1l\u016f, jako je polyethylentereftal\u00e1t (PET), a jsou \u0161iroce pou\u017e\u00edv\u00e1ny v r\u016fzn\u00fdch aplikac\u00edch, zejm\u00e9na v elektronick\u00fdch za\u0159\u00edzen\u00edch.<\/p>\n<h3><strong>Kl\u00ed\u010dov\u00e9 vlastnosti tenkovrstv\u00fdch podsv\u00edcen\u00ed:<\/strong><\/h3>\n<ul>\n<li><strong style=\"color: #555555; font-size: 14.4px;\">\u0160etrnost k \u017eivotn\u00edmu prost\u0159ed\u00ed:<\/strong><span style=\"color: #555555; font-size: 14.4px;\">\u00a0Jsou vyrobeny z recyklovateln\u00fdch materi\u00e1l\u016f, co\u017e minimalizuje jejich dopad na \u017eivotn\u00ed prost\u0159ed\u00ed.<\/span><\/li>\n<li><strong style=\"color: #555555; font-size: 14.4px;\">Rovnom\u011brn\u00e9 osv\u011btlen\u00ed:<\/strong><span style=\"color: #555555; font-size: 14.4px;\">\u00a0Zaji\u0161\u0165uj\u00ed rovnom\u011brn\u00e9 a konzistentn\u00ed rozlo\u017een\u00ed sv\u011btla po cel\u00e9 plo\u0161e, \u010d\u00edm\u017e eliminuj\u00ed osln\u011bn\u00ed a hork\u00e9 body.<\/span><\/li>\n<li><strong style=\"color: #555555; font-size: 14.4px;\">Energetick\u00e1 \u00fa\u010dinnost:<\/strong><span style=\"color: #555555; font-size: 14.4px;\">\u00a0V porovn\u00e1n\u00ed s tradi\u010dn\u00edmi metodami podsv\u00edcen\u00ed spot\u0159ebov\u00e1vaj\u00ed v\u00fdrazn\u011b m\u00e9n\u011b energie, \u010d\u00edm\u017e sni\u017euj\u00ed provozn\u00ed n\u00e1klady a dopad na \u017eivotn\u00ed prost\u0159ed\u00ed.<\/span><\/li>\n<li><strong style=\"color: #555555; font-size: 14.4px;\">\u0160t\u00edhl\u00fd a lehk\u00fd:<\/strong><span style=\"color: #555555; font-size: 14.4px;\">\u00a0D\u00edky sv\u00e9 tenk\u00e9 a lehk\u00e9 konstrukci jsou ide\u00e1ln\u00ed pro zabudov\u00e1n\u00ed do kompaktn\u00edch elektronick\u00fdch za\u0159\u00edzen\u00ed.<\/span><\/li>\n<li><strong style=\"color: #555555; font-size: 14.4px;\">Flexibilita designu:<\/strong><span style=\"color: #555555; font-size: 14.4px;\">\u00a0Lze je snadno tvarovat a p\u0159izp\u016fsobit r\u016fzn\u00fdm po\u017eadavk\u016fm na design.<\/span><\/li>\n<li><strong style=\"color: #555555; font-size: 14.4px;\">N\u00e1kladov\u00e1 efektivita:<\/strong><span style=\"color: #555555; font-size: 14.4px;\">\u00a0Nab\u00edzej\u00ed cenov\u011b v\u00fdhodn\u00e9 \u0159e\u0161en\u00ed pro aplikace podsv\u00edcen\u00ed.<\/span><\/li>\n<\/ul>\n<h3><strong style=\"font-size: 23.04px;\">Aplikace tenkovrstv\u00fdch podsv\u00edcen\u00ed:<\/strong><\/h3>\n<ul>\n<li><strong style=\"color: #555555; font-size: 14.4px;\">Displeje LCD:<\/strong><span style=\"color: #555555; font-size: 14.4px;\">\u00a0Jsou \u0161iroce pou\u017e\u00edv\u00e1ny v LCD displej\u00edch pro chytr\u00e9 telefony, tablety, notebooky a televizory.<\/span><\/li>\n<li><strong style=\"color: #555555; font-size: 14.4px;\">Podsv\u00edcen\u00e9 kl\u00e1vesnice:<\/strong><span style=\"color: #555555; font-size: 14.4px;\">\u00a0Osv\u011btluj\u00ed kl\u00e1vesnici a zlep\u0161uj\u00ed viditelnost za zhor\u0161en\u00fdch sv\u011bteln\u00fdch podm\u00ednek.<\/span><\/li>\n<li><strong style=\"color: #555555; font-size: 14.4px;\">Ovl\u00e1dac\u00ed panely:<\/strong><span style=\"color: #555555; font-size: 14.4px;\">\u00a0Tenkovrstv\u00e9 podsv\u00edcen\u00ed se pou\u017e\u00edv\u00e1 v ovl\u00e1dac\u00edch panelech spot\u0159ebi\u010d\u016f, pr\u016fmyslov\u00fdch stroj\u016f a l\u00e9ka\u0159sk\u00fdch za\u0159\u00edzen\u00ed.<\/span><\/li>\n<li><strong style=\"color: #555555; font-size: 14.4px;\">Ozna\u010den\u00ed a reklama:<\/strong><span style=\"color: #555555; font-size: 14.4px;\">\u00a0Pou\u017e\u00edvaj\u00ed se v podsv\u00edcen\u00fdch n\u00e1pisech a reklam\u00e1ch, kde vytv\u00e1\u0159ej\u00ed poutav\u00e9 displeje.<\/span><\/li>\n<li><strong style=\"color: #555555; font-size: 14.4px;\">Dekorativn\u00ed osv\u011btlen\u00ed:<\/strong><span style=\"color: #555555; font-size: 14.4px;\">\u00a0Jsou sou\u010d\u00e1st\u00ed dekorativn\u00edch sv\u00edtidel a dod\u00e1vaj\u00ed jim atmosf\u00e9ru a vizu\u00e1ln\u00ed akcenty.<\/span><\/li>\n<\/ul>\n<p><span style=\"font-size: 150%;\"><strong>V\u00fdhody tenkovrstv\u00fdch podsv\u00edcen\u00ed:<\/strong><\/span><\/p>\n<ul>\n<li><strong style=\"color: #555555; font-size: 14.4px;\">Vylep\u0161en\u00fd vizu\u00e1ln\u00ed komfort:<\/strong><span style=\"color: #555555; font-size: 14.4px;\">\u00a0Rovnom\u011brn\u00e9 osv\u011btlen\u00ed sni\u017euje nam\u00e1h\u00e1n\u00ed o\u010d\u00ed a zvy\u0161uje zrakov\u00fd komfort.<\/span><\/li>\n<li><strong style=\"color: #555555; font-size: 14.4px;\">Vylep\u0161en\u00e1 estetika v\u00fdrobku:<\/strong><span style=\"color: #555555; font-size: 14.4px;\">\u00a0Tenkovrstv\u00e9 podsv\u00edcen\u00ed dod\u00e1v\u00e1 elektronick\u00fdm za\u0159\u00edzen\u00edm n\u00e1dech elegance a sofistikovanosti.<\/span><\/li>\n<li><strong style=\"color: #555555; font-size: 14.4px;\">Svoboda designu:<\/strong><span style=\"color: #555555; font-size: 14.4px;\">\u00a0Jejich flexibilita umo\u017e\u0148uje kreativn\u00ed n\u00e1vrhy osv\u011btlen\u00ed a integraci do r\u016fzn\u00fdch v\u00fdrobk\u016f.<\/span><\/li>\n<li><strong style=\"color: #555555; font-size: 14.4px;\">\u00daspory energie:<\/strong><span style=\"color: #555555; font-size: 14.4px;\">\u00a0Energetick\u00e1 \u00fa\u010dinnost znamen\u00e1 ni\u017e\u0161\u00ed provozn\u00ed n\u00e1klady a men\u0161\u00ed dopad na \u017eivotn\u00ed prost\u0159ed\u00ed.<\/span><\/li>\n<li><strong style=\"color: #555555; font-size: 14.4px;\">N\u00e1kladov\u00e1 efektivita:<\/strong><span style=\"color: #555555; font-size: 14.4px;\">\u00a0Nab\u00edzej\u00ed cenov\u011b konkurenceschopn\u00e9 \u0159e\u0161en\u00ed pro aplikace podsv\u00edcen\u00ed.<\/span><\/li>\n<\/ul>","protected":false},"excerpt":{"rendered":"<p>Filmov\u00e9 podsv\u00edcen\u00ed zp\u016fsobilo revoluci v technologii osv\u011btlen\u00ed a p\u0159edstavuje lep\u0161\u00ed alternativu k tradi\u010dn\u00edm metod\u00e1m podsv\u00edcen\u00ed. Jejich \u0161etrnost k \u017eivotn\u00edmu prost\u0159ed\u00ed, rovnom\u011brn\u00e9 osv\u011btlen\u00ed, energetick\u00e1 \u00fa\u010dinnost, tenk\u00fd design a cenov\u00e1 v\u00fdhodnost z nich \u010din\u00ed univerz\u00e1ln\u00ed a vyhled\u00e1van\u00e9 \u0159e\u0161en\u00ed pro \u0161irokou \u0161k\u00e1lu aplikac\u00ed. S technologick\u00fdm pokrokem se o\u010dek\u00e1v\u00e1, \u017ee se tenkovrstv\u00e9 podsv\u00edcen\u00ed bude d\u00e1le vyv\u00edjet a v budoucnu nab\u00eddne je\u0161t\u011b inovativn\u011bj\u0161\u00ed a \u00fa\u010dinn\u011bj\u0161\u00ed \u0159e\u0161en\u00ed osv\u011btlen\u00ed.<\/p>","protected":false},"featured_media":1540,"comment_status":"closed","ping_status":"closed","template":"","meta":[],"product_cat":[15],"product_tag":[],"_links":{"self":[{"href":"https:\/\/backlightmfg.com\/cs\/wp-json\/wp\/v2\/product\/1553"}],"collection":[{"href":"https:\/\/backlightmfg.com\/cs\/wp-json\/wp\/v2\/product"}],"about":[{"href":"https:\/\/backlightmfg.com\/cs\/wp-json\/wp\/v2\/types\/product"}],"replies":[{"embeddable":true,"href":"https:\/\/backlightmfg.com\/cs\/wp-json\/wp\/v2\/comments?post=1553"}],"wp:featuredmedia":[{"embeddable":true,"href":"https:\/\/backlightmfg.com\/cs\/wp-json\/wp\/v2\/media\/1540"}],"wp:attachment":[{"href":"https:\/\/backlightmfg.com\/cs\/wp-json\/wp\/v2\/media?parent=1553"}],"wp:term":[{"taxonomy":"product_cat","embeddable":true,"href":"https:\/\/backlightmfg.com\/cs\/wp-json\/wp\/v2\/product_cat?post=1553"},{"taxonomy":"product_tag","embeddable":true,"href":"https:\/\/backlightmfg.com\/cs\/wp-json\/wp\/v2\/product_tag?post=1553"}],"curies":[{"name":"wp","href":"https:\/\/api.w.org\/{rel}","templated":true}]}}