{"id":1552,"date":"2024-07-08T08:09:39","date_gmt":"2024-07-08T08:09:39","guid":{"rendered":"https:\/\/backlightmfg.com\/manufacturer\/luminous-powder-backlighting\/"},"modified":"2024-09-15T06:29:46","modified_gmt":"2024-09-15T06:29:46","slug":"luminescent-powder-backlight","status":"publish","type":"product","link":"https:\/\/backlightmfg.com\/cs\/luminescent-powder-backlight\/","title":{"rendered":"Luminiscen\u010dn\u00ed pr\u00e1\u0161kov\u00e9 podsv\u00edcen\u00ed"},"content":{"rendered":"<p>Luminiscen\u010dn\u00ed pr\u00e1\u0161ek, zn\u00e1m\u00fd tak\u00e9 jako fosforov\u00fd pr\u00e1\u0161ek, je fascinuj\u00edc\u00ed materi\u00e1l, kter\u00fd absorbuje sv\u011btelnou energii a pomalu ji uvol\u0148uje v pr\u016fb\u011bhu \u010dasu ve form\u011b viditeln\u00e9ho sv\u011btla. D\u00edky t\u00e9to jedine\u010dn\u00e9 vlastnosti je ide\u00e1ln\u00edm materi\u00e1lem pro vytv\u00e1\u0159en\u00ed dlouhotrvaj\u00edc\u00edho podsv\u00edcen\u00ed v r\u016fzn\u00fdch aplikac\u00edch, zejm\u00e9na v prost\u0159ed\u00ed se slab\u00fdm osv\u011btlen\u00edm nebo ve tm\u011b.<\/p>\n<p>&nbsp;<\/p>\n<h3><strong>Hlavn\u00ed v\u00fdhody luminiscen\u010dn\u00edho pr\u00e1\u0161kov\u00e9ho podsv\u00edcen\u00ed:<\/strong><\/h3>\n<ul>\n<li><strong style=\"color: #555555; font-size: 14.4px;\">Bezpe\u010dnost:<\/strong><span style=\"color: #555555; font-size: 14.4px;\">\u00a0Na rozd\u00edl od radioaktivn\u00edch materi\u00e1l\u016f je luminiscen\u010dn\u00ed pr\u00e1\u0161ek zcela netoxick\u00fd, neho\u0159lav\u00fd a neobsahuje \u0161kodliv\u00e9 l\u00e1tky, jako je fosfor, olovo nebo jin\u00e9 nebezpe\u010dn\u00e9 chemik\u00e1lie. D\u00edky tomu je bezpe\u010dnou volbou pro pou\u017eit\u00ed v r\u016fzn\u00fdch v\u00fdrobc\u00edch, zejm\u00e9na t\u011bch, kter\u00e9 jsou v t\u011bsn\u00e9m kontaktu s lidmi.<\/span><\/li>\n<li><strong style=\"color: #555555; font-size: 14.4px;\">Dlouhotrvaj\u00edc\u00ed z\u00e1\u0159e:<\/strong><span style=\"color: #555555; font-size: 14.4px;\">\u00a0Sv\u00edt\u00edc\u00ed pr\u00e1\u0161kov\u00e9 podsv\u00edcen\u00ed m\u016f\u017ee vyza\u0159ovat sv\u011btlo po n\u011bkolik hodin, a to i po ukon\u010den\u00ed p\u016fsoben\u00ed sv\u011btla. Tato prodlou\u017een\u00e1 doba sv\u00edcen\u00ed zaji\u0161\u0165uje, \u017ee objekty z\u016fstanou viditeln\u00e9 a identifikovateln\u00e9 i v \u00fapln\u00e9 tm\u011b.<\/span><\/li>\n<li><strong style=\"color: #555555; font-size: 14.4px;\">Stabiln\u00ed vlastnosti:<\/strong><span style=\"color: #555555; font-size: 14.4px;\">\u00a0Sv\u00edt\u00edc\u00ed pr\u00e1\u0161kov\u00e9 podsv\u00edcen\u00ed vykazuje pozoruhodnou stabilitu z hlediska sv\u00fdch fyzik\u00e1ln\u00edch a chemick\u00fdch vlastnost\u00ed. Tato vlastnost zaji\u0161\u0165uje, \u017ee luminiscen\u010dn\u00ed efekt z\u016fst\u00e1v\u00e1 konzistentn\u00ed a spolehliv\u00fd v pr\u016fb\u011bhu \u010dasu.<\/span><\/li>\n<li><strong style=\"color: #555555; font-size: 14.4px;\">V\u00fdjime\u010dn\u00e1 odolnost:<\/strong><span style=\"color: #555555; font-size: 14.4px;\">\u00a0Luminiscen\u010dn\u00ed pr\u00e1\u0161ek se vyzna\u010duje v\u00fdjime\u010dnou trvanlivost\u00ed, tak\u017ee je odoln\u00fd proti opot\u0159eben\u00ed. Tato odolnost zaji\u0161\u0165uje, \u017ee v\u00fdrobky obsahuj\u00edc\u00ed luminiscen\u010dn\u00ed pr\u00e1\u0161ek vydr\u017e\u00ed v n\u00e1ro\u010dn\u00fdch podm\u00ednk\u00e1ch a zachovaj\u00ed si sv\u00e9 luminiscen\u010dn\u00ed vlastnosti po dlouh\u00e1 l\u00e9ta.<\/span><\/li>\n<li><strong style=\"color: #555555; font-size: 14.4px;\">V\u0161estrannost:<\/strong><span style=\"color: #555555; font-size: 14.4px;\">\u00a0Luminiscen\u010dn\u00ed pr\u00e1\u0161ek lze snadno zabudovat do \u0161irok\u00e9 \u0161k\u00e1ly materi\u00e1l\u016f, v\u010detn\u011b plast\u016f, pry\u017ee, k\u016f\u017ee, keramiky, skla, barev a n\u00e1t\u011br\u016f. Tato univerz\u00e1lnost umo\u017e\u0148uje jeho pou\u017eit\u00ed v rozmanit\u00e9 \u0161k\u00e1le v\u00fdrobk\u016f.<\/span><\/li>\n<\/ul>\n<h3><strong style=\"font-size: 23.04px;\">R\u016fzn\u00e9 aplikace luminiscen\u010dn\u00edho pr\u00e1\u0161kov\u00e9ho podsv\u00edcen\u00ed:<\/strong><\/h3>\n<ul>\n<li><strong style=\"color: #555555; font-size: 14.4px;\">Bezpe\u010dnostn\u00ed produkty:<\/strong><span style=\"color: #555555; font-size: 14.4px;\">\u00a0Je \u0161iroce pou\u017e\u00edv\u00e1n v bezpe\u010dnostn\u00edch produktech, jako jsou zna\u010dky nouzov\u00fdch v\u00fdchod\u016f, sp\u00edna\u010de sv\u00edt\u00edc\u00ed ve tm\u011b, bezpe\u010dnostn\u00ed vesty a dopravn\u00ed zna\u010dky, kter\u00e9 zaji\u0161\u0165uj\u00ed viditelnost a bezpe\u010dnost p\u0159i slab\u00e9m osv\u011btlen\u00ed nebo v nebezpe\u010dn\u00fdch podm\u00ednk\u00e1ch.<\/span><\/li>\n<li><strong style=\"color: #555555; font-size: 14.4px;\">Dekorativn\u00ed p\u0159edm\u011bty:<\/strong><span style=\"color: #555555; font-size: 14.4px;\">\u00a0Luminiscen\u010dn\u00ed pr\u00e1\u0161ek dod\u00e1v\u00e1 dekorativn\u00edm p\u0159edm\u011bt\u016fm, jako jsou obrazy, figurky a \u0161perky sv\u00edt\u00edc\u00ed ve tm\u011b, kouzeln\u00fd n\u00e1dech a vytv\u00e1\u0159\u00ed podmanivou atmosf\u00e9ru v tmav\u00e9m prost\u0159ed\u00ed.<\/span><\/li>\n<li><strong style=\"color: #555555; font-size: 14.4px;\">Hra\u010dky a hry:<\/strong><span style=\"color: #555555; font-size: 14.4px;\">\u00a0Vn\u00e1\u0161\u00ed do hra\u010dek a her prvek z\u00e1bavy a vzru\u0161en\u00ed, proto\u017ee ve tm\u011b sv\u00edt\u00ed a o\u017e\u00edvaj\u00ed, \u010d\u00edm\u017e zlep\u0161uj\u00ed hran\u00ed a p\u0159edstavivost.<\/span><\/li>\n<li><strong style=\"color: #555555; font-size: 14.4px;\">Pr\u016fmyslov\u00e9 aplikace:<\/strong><span style=\"color: #555555; font-size: 14.4px;\">\u00a0Nach\u00e1z\u00ed uplatn\u011bn\u00ed v pr\u016fmyslov\u00e9m prost\u0159ed\u00ed, nap\u0159\u00edklad p\u0159i ozna\u010dov\u00e1n\u00ed nebezpe\u010dn\u00fdch prostor, identifikaci ovl\u00e1dac\u00edch prvk\u016f za\u0159\u00edzen\u00ed a zaji\u0161t\u011bn\u00ed viditelnosti v uzav\u0159en\u00fdch prostorech.<\/span><\/li>\n<li><strong style=\"color: #555555; font-size: 14.4px;\">Vojenstv\u00ed a letectv\u00ed:<\/strong><span style=\"color: #555555; font-size: 14.4px;\">\u00a0Pou\u017e\u00edv\u00e1 se ve vojensk\u00fdch a leteck\u00fdch aplikac\u00edch, v\u010detn\u011b zna\u010den\u00ed letadel, zaji\u0161t\u011bn\u00ed viditelnosti p\u0159i no\u010dn\u00edch operac\u00edch a vytv\u00e1\u0159en\u00ed samosv\u00edt\u00edc\u00edch naviga\u010dn\u00edch pom\u016fcek.<\/span><\/li>\n<\/ul>","protected":false},"excerpt":{"rendered":"<p>Luminiscen\u010dn\u00ed pr\u00e1\u0161kov\u00e9 podsv\u00edcen\u00ed: V\u0161estrann\u00e9 a bezpe\u010dn\u00e9 \u0159e\u0161en\u00ed pro no\u010dn\u00ed viditelnost Jeho rozmanit\u00e9 vyu\u017eit\u00ed sah\u00e1 do r\u016fzn\u00fdch odv\u011btv\u00ed, od bezpe\u010dnosti a zabezpe\u010den\u00ed a\u017e po dekorace a z\u00e1bavu, co\u017e z n\u011bj \u010din\u00ed cenn\u00fd materi\u00e1l pro vytv\u00e1\u0159en\u00ed inovativn\u00edch a funk\u010dn\u00edch v\u00fdrobk\u016f.<\/p>","protected":false},"featured_media":1544,"comment_status":"closed","ping_status":"closed","template":"","meta":[],"product_cat":[15],"product_tag":[],"_links":{"self":[{"href":"https:\/\/backlightmfg.com\/cs\/wp-json\/wp\/v2\/product\/1552"}],"collection":[{"href":"https:\/\/backlightmfg.com\/cs\/wp-json\/wp\/v2\/product"}],"about":[{"href":"https:\/\/backlightmfg.com\/cs\/wp-json\/wp\/v2\/types\/product"}],"replies":[{"embeddable":true,"href":"https:\/\/backlightmfg.com\/cs\/wp-json\/wp\/v2\/comments?post=1552"}],"wp:featuredmedia":[{"embeddable":true,"href":"https:\/\/backlightmfg.com\/cs\/wp-json\/wp\/v2\/media\/1544"}],"wp:attachment":[{"href":"https:\/\/backlightmfg.com\/cs\/wp-json\/wp\/v2\/media?parent=1552"}],"wp:term":[{"taxonomy":"product_cat","embeddable":true,"href":"https:\/\/backlightmfg.com\/cs\/wp-json\/wp\/v2\/product_cat?post=1552"},{"taxonomy":"product_tag","embeddable":true,"href":"https:\/\/backlightmfg.com\/cs\/wp-json\/wp\/v2\/product_tag?post=1552"}],"curies":[{"name":"wp","href":"https:\/\/api.w.org\/{rel}","templated":true}]}}