{"id":1551,"date":"2024-07-08T08:09:39","date_gmt":"2024-07-08T08:09:39","guid":{"rendered":"https:\/\/backlightmfg.com\/manufacturer\/led-backlighting\/"},"modified":"2024-09-15T06:29:47","modified_gmt":"2024-09-15T06:29:47","slug":"led-backlighting","status":"publish","type":"product","link":"https:\/\/backlightmfg.com\/cs\/led-backlighting\/","title":{"rendered":"Podsv\u00edcen\u00ed LED"},"content":{"rendered":"<p>LED podsv\u00edcen\u00ed, dominantn\u00ed prvek v modern\u00ed technologii displej\u016f, vyu\u017e\u00edv\u00e1 sv\u011bteln\u00e9 diody (LED) jako zdroj sv\u011btla pro osv\u011btlen\u00ed displej\u016f zezadu. Tato technologie zp\u016fsobila revoluci v podsv\u00edcen\u00ed a nab\u00edz\u00ed v\u00fdznamn\u00e9 v\u00fdhody oproti tradi\u010dn\u00edm metod\u00e1m.<\/p>\n<h3><strong>Hlavn\u00ed v\u00fdhody podsv\u00edcen\u00ed LED:<\/strong><\/h3>\n<ul>\n<li><strong style=\"color: #555555; font-size: 14.4px;\">Energetick\u00e1 \u00fa\u010dinnost:<\/strong><span style=\"color: #555555; font-size: 14.4px;\">\u00a0LED diody spot\u0159ebov\u00e1vaj\u00ed ve srovn\u00e1n\u00ed s tradi\u010dn\u00edmi podsv\u00edcen\u00edmi, jako jsou z\u00e1\u0159ivky, v\u00fdrazn\u011b m\u00e9n\u011b energie, co\u017e vede k ni\u017e\u0161\u00edm \u00fa\u010dt\u016fm za energii a men\u0161\u00edmu dopadu na \u017eivotn\u00ed prost\u0159ed\u00ed.<\/span><\/li>\n<li><strong style=\"color: #555555; font-size: 14.4px;\">Rovnom\u011brn\u00e9 osv\u011btlen\u00ed:<\/strong><span style=\"color: #555555; font-size: 14.4px;\">\u00a0Podsv\u00edcen\u00ed LED zaji\u0161\u0165uje rovnom\u011brn\u011bj\u0161\u00ed a konzistentn\u011bj\u0161\u00ed rozlo\u017een\u00ed sv\u011btla po cel\u00e9m displeji, \u010d\u00edm\u017e se minimalizuj\u00ed odlesky a hork\u00e9 body. To znamen\u00e1 pohodln\u011bj\u0161\u00ed a vizu\u00e1ln\u011b p\u0159\u00edjemn\u011bj\u0161\u00ed z\u00e1\u017eitek ze sledov\u00e1n\u00ed.<\/span><\/li>\n<li><strong style=\"color: #555555; font-size: 14.4px;\">Tenk\u00fd a lehk\u00fd design:<\/strong><span style=\"color: #555555; font-size: 14.4px;\">\u00a0LED diody jsou kompaktn\u00ed a lehk\u00e9, co\u017e umo\u017e\u0148uje navrhovat ten\u010d\u00ed a leh\u010d\u00ed elektronick\u00e1 za\u0159\u00edzen\u00ed.<\/span><\/li>\n<li><strong style=\"color: #555555; font-size: 14.4px;\">Nastaviteln\u00fd jas:<\/strong><span style=\"color: #555555; font-size: 14.4px;\">\u00a0Podsv\u00edcen\u00ed LED umo\u017e\u0148uje dynamick\u00e9 \u0159\u00edzen\u00ed jasu, kter\u00e9 se p\u0159izp\u016fsobuje okoln\u00edm sv\u011bteln\u00fdm podm\u00ednk\u00e1m a zobrazovan\u00e9mu obsahu, co\u017e d\u00e1le zvy\u0161uje energetickou \u00fa\u010dinnost a u\u017eivatelsk\u00fd komfort.<\/span><\/li>\n<li><strong style=\"color: #555555; font-size: 14.4px;\">Barevn\u00fd gamut a \u017eivost:<\/strong><span style=\"color: #555555; font-size: 14.4px;\">\u00a0LED diody lze ve srovn\u00e1n\u00ed s tradi\u010dn\u00edm podsv\u00edcen\u00edm p\u0159izp\u016fsobit tak, aby vytv\u00e1\u0159ely \u0161ir\u0161\u00ed \u0161k\u00e1lu barev, co\u017e vede k \u017eiv\u011bj\u0161\u00edmu a realisti\u010dt\u011bj\u0161\u00edmu obrazu na displej\u00edch.<\/span><\/li>\n<li><strong style=\"color: #555555; font-size: 14.4px;\">Zlep\u0161en\u00e1 \u017eivotnost:<\/strong><span style=\"color: #555555; font-size: 14.4px;\">\u00a0LED diody maj\u00ed ve srovn\u00e1n\u00ed s b\u011b\u017en\u00fdm podsv\u00edcen\u00edm v\u00fdrazn\u011b del\u0161\u00ed \u017eivotnost, a nab\u00edzej\u00ed tak cenov\u011b v\u00fdhodn\u011bj\u0161\u00ed a odoln\u011bj\u0161\u00ed \u0159e\u0161en\u00ed.<\/span><\/li>\n<\/ul>\n<h3><strong style=\"font-size: 23.04px;\">Aplikace podsv\u00edcen\u00ed LED:<\/strong><\/h3>\n<ul>\n<li><strong style=\"color: #555555; font-size: 14.4px;\">Displeje LCD:<\/strong><span style=\"color: #555555; font-size: 14.4px;\">\u00a0Podsv\u00edcen\u00ed LED je v\u0161udyp\u0159\u00edtomn\u00e9 v LCD displej\u00edch televizor\u016f, notebook\u016f, tablet\u016f, chytr\u00fdch telefon\u016f a po\u010d\u00edta\u010dov\u00fdch monitor\u016f.<\/span><\/li>\n<li><strong style=\"color: #555555; font-size: 14.4px;\">Digit\u00e1ln\u00ed n\u00e1pisy:<\/strong><span style=\"color: #555555; font-size: 14.4px;\">\u00a0Podsv\u00edcen\u00ed LED osv\u011btluje displeje digit\u00e1ln\u00edch n\u00e1pis\u016f a vytv\u00e1\u0159\u00ed poutav\u00e9 vizu\u00e1ly pro reklamu a \u0161\u00ed\u0159en\u00ed informac\u00ed.<\/span><\/li>\n<li><strong style=\"color: #555555; font-size: 14.4px;\">Automobilov\u00e9 displeje:<\/strong><span style=\"color: #555555; font-size: 14.4px;\">\u00a0Podsv\u00edcen\u00ed LED se pou\u017e\u00edv\u00e1 v p\u0159\u00edstrojov\u00fdch desk\u00e1ch a p\u0159\u00edstrojov\u00fdch desk\u00e1ch automobil\u016f, kde poskytuje jasn\u00e9 a jasn\u00e9 zobrazen\u00ed informac\u00ed.<\/span><\/li>\n<li><strong style=\"color: #555555; font-size: 14.4px;\">Podsv\u00edcen\u00e9 kl\u00e1vesnice:<\/strong><span style=\"color: #555555; font-size: 14.4px;\">\u00a0LED diody osv\u011btluj\u00ed kl\u00e1vesy kl\u00e1vesnice a zlep\u0161uj\u00ed viditelnost v prost\u0159ed\u00ed se slab\u00fdm osv\u011btlen\u00edm.<\/span><\/li>\n<li><strong style=\"color: #555555; font-size: 14.4px;\">Spot\u0159ebn\u00ed elektronika:<\/strong><span style=\"color: #555555; font-size: 14.4px;\">\u00a0Tato technologie nach\u00e1z\u00ed uplatn\u011bn\u00ed v \u0161irok\u00e9 \u0161k\u00e1le spot\u0159ebn\u00ed elektroniky, v\u010detn\u011b hern\u00edch konzol\u00ed a dom\u00e1c\u00edch spot\u0159ebi\u010d\u016f.<\/span><\/li>\n<\/ul>\n<h3><strong style=\"font-size: 23.04px;\">Budoucnost podsv\u00edcen\u00ed LED:<\/strong><\/h3>\n<p>Technologie podsv\u00edcen\u00ed LED se neust\u00e1le vyv\u00edj\u00ed. Pokrok se o\u010dek\u00e1v\u00e1 v oblastech, jako jsou:<\/p>\n<ul>\n<li><strong style=\"color: #555555; font-size: 14.4px;\">Podsv\u00edcen\u00ed MicroLED:<\/strong><span style=\"color: #555555; font-size: 14.4px;\">\u00a0Tato technologie nov\u00e9 generace vyu\u017e\u00edv\u00e1 mikroskopick\u00e9 LED diody pro je\u0161t\u011b p\u0159esn\u011bj\u0161\u00ed a dynami\u010dt\u011bj\u0161\u00ed \u0159\u00edzen\u00ed podsv\u00edcen\u00ed, co\u017e vede ke zlep\u0161en\u00ed kvality obrazu a kontrastu.<\/span><\/li>\n<li><strong style=\"color: #555555; font-size: 14.4px;\">Podsv\u00edcen\u00ed MiniLED:<\/strong><span style=\"color: #555555; font-size: 14.4px;\">\u00a0Men\u0161\u00ed a t\u011bsn\u011bji um\u00edst\u011bn\u00e9 diody LED umo\u017e\u0148uj\u00ed lep\u0161\u00ed kontrolu nad m\u00edstn\u00edm stm\u00edv\u00e1n\u00edm a zlep\u0161uj\u00ed v\u00fdkon HDR (High Dynamic Range) na displej\u00edch.<\/span><\/li>\n<li><strong style=\"color: #555555; font-size: 14.4px;\">Podsv\u00edcen\u00ed organick\u00fdmi sv\u011bteln\u00fdmi diodami (OLED):<\/strong><span style=\"color: #555555; font-size: 14.4px;\">\u00a0Technologie OLED nab\u00edz\u00ed potenci\u00e1l pro samosv\u00edt\u00edc\u00ed displeje, \u010d\u00edm\u017e se zcela eliminuje pot\u0159eba samostatn\u00e9ho podsv\u00edcen\u00ed.<\/span><\/li>\n<\/ul>","protected":false},"excerpt":{"rendered":"<p>Podsv\u00edcen\u00ed LED zp\u016fsobilo revoluci v technologii displej\u016f a nab\u00edz\u00ed lep\u0161\u00ed alternativu k tradi\u010dn\u00edmu podsv\u00edcen\u00ed. D\u00edky sv\u00e9 energetick\u00e9 \u00fa\u010dinnosti, lep\u0161\u00edmu obrazu, tenk\u00e9mu designu a dlouh\u00e9 \u017eivotnosti je dominantn\u00ed technologi\u00ed pro modern\u00ed displeje. S pokra\u010duj\u00edc\u00edmi inovacemi je podsv\u00edcen\u00ed LED p\u0159ipraveno utv\u00e1\u0159et budoucnost technologie displej\u016f a p\u0159in\u00e1\u0161et je\u0161t\u011b \u00fa\u017easn\u011bj\u0161\u00ed a energeticky \u00fasporn\u011bj\u0161\u00ed vizu\u00e1ln\u00ed z\u00e1\u017eitky.<\/p>","protected":false},"featured_media":1542,"comment_status":"closed","ping_status":"closed","template":"","meta":[],"product_cat":[15],"product_tag":[],"_links":{"self":[{"href":"https:\/\/backlightmfg.com\/cs\/wp-json\/wp\/v2\/product\/1551"}],"collection":[{"href":"https:\/\/backlightmfg.com\/cs\/wp-json\/wp\/v2\/product"}],"about":[{"href":"https:\/\/backlightmfg.com\/cs\/wp-json\/wp\/v2\/types\/product"}],"replies":[{"embeddable":true,"href":"https:\/\/backlightmfg.com\/cs\/wp-json\/wp\/v2\/comments?post=1551"}],"wp:featuredmedia":[{"embeddable":true,"href":"https:\/\/backlightmfg.com\/cs\/wp-json\/wp\/v2\/media\/1542"}],"wp:attachment":[{"href":"https:\/\/backlightmfg.com\/cs\/wp-json\/wp\/v2\/media?parent=1551"}],"wp:term":[{"taxonomy":"product_cat","embeddable":true,"href":"https:\/\/backlightmfg.com\/cs\/wp-json\/wp\/v2\/product_cat?post=1551"},{"taxonomy":"product_tag","embeddable":true,"href":"https:\/\/backlightmfg.com\/cs\/wp-json\/wp\/v2\/product_tag?post=1551"}],"curies":[{"name":"wp","href":"https:\/\/api.w.org\/{rel}","templated":true}]}}