{"id":2265,"date":"2025-04-02T02:39:59","date_gmt":"2025-04-02T02:39:59","guid":{"rendered":"https:\/\/backlightmfg.com\/?page_id=2265"},"modified":"2025-04-02T07:36:40","modified_gmt":"2025-04-02T07:36:40","slug":"medical-human-machine-interface%ef%bc%88hmi%ef%bc%89","status":"publish","type":"page","link":"https:\/\/backlightmfg.com\/cs\/medical-human-machine-interface%ef%bc%88hmi%ef%bc%89\/","title":{"rendered":"L\u00e9ka\u0159sk\u00e9 rozhran\u00ed \u010dlov\u011bk-stroj\uff08HMI\uff09"},"content":{"rendered":"<div class=\"banner has-hover\" id=\"banner-223675324\">\n          <div class=\"banner-inner fill\">\n        <div class=\"banner-bg fill\" >\n            <div class=\"bg fill bg-fill\"><\/div>\n                        <div class=\"overlay\"><\/div>            \n                    <\/div>\n\t\t\n        <div class=\"banner-layers container\">\n            <div class=\"fill banner-link\"><\/div>            \n   <div id=\"text-box-1477036713\" class=\"text-box banner-layer x50 md-x50 lg-x50 y25 md-y25 lg-y25 res-text\">\n                                <div class=\"text-box-content text dark\">\n              \n              <div class=\"text-inner text-center\">\n                  \n<h1><span style=\"font-size: 80%;\">L\u00e9ka\u0159sk\u00e9 rozhran\u00ed \u010dlov\u011bk-stroj\uff08HMI\uff09<\/span><\/h1>\n              <\/div>\n           <\/div>\n                            \n<style>\n#text-box-1477036713 {\n  width: 86%;\n}\n#text-box-1477036713 .text-box-content {\n  font-size: 100%;\n}\n<\/style>\n    <\/div>\n \n        <\/div>\n      <\/div>\n\n            \n<style>\n#banner-223675324 {\n  padding-top: 188px;\n}\n#banner-223675324 .overlay {\n  background-color: rgba(0, 0, 0, 0.209);\n}\n<\/style>\n  <\/div>\n\n\n\t<section class=\"section\" id=\"section_1173807412\">\n\t\t<div class=\"bg section-bg fill bg-fill  bg-loaded\" >\n\n\t\t\t\n\t\t\t\n\t\t\t\n\n\t\t<\/div>\n\n\t\t\n\n\t\t<div class=\"section-content relative\">\n\t\t\t\n<div class=\"row row-box-shadow-5-hover\" style=\"max-width:1400px\" id=\"row-628291747\">\n\n\t<div id=\"col-1823422505\" class=\"col medium-6 small-12 large-6\"  >\n\t\t\t\t<div class=\"col-inner\"  >\n\t\t\t\n\t\t\t\n\t<div class=\"img has-hover x md-x lg-x y md-y lg-y\" id=\"image_40875170\">\n\t\t\t\t\t\t\t\t<div class=\"img-inner dark\" >\n\t\t\t<img loading=\"lazy\" decoding=\"async\" width=\"800\" height=\"800\" src=\"https:\/\/backlightmfg.com\/wp-content\/uploads\/2025\/04\/HMI.jpeg\" class=\"attachment-original size-original\" alt=\"Zdravotnick\u00e9 HMI\" srcset=\"https:\/\/backlightmfg.com\/wp-content\/uploads\/2025\/04\/HMI.jpeg 800w, https:\/\/backlightmfg.com\/wp-content\/uploads\/2025\/04\/HMI-300x300.jpeg 300w, https:\/\/backlightmfg.com\/wp-content\/uploads\/2025\/04\/HMI-150x150.jpeg 150w, https:\/\/backlightmfg.com\/wp-content\/uploads\/2025\/04\/HMI-768x768.jpeg 768w, https:\/\/backlightmfg.com\/wp-content\/uploads\/2025\/04\/HMI-12x12.jpeg 12w, https:\/\/backlightmfg.com\/wp-content\/uploads\/2025\/04\/HMI-510x510.jpeg 510w, https:\/\/backlightmfg.com\/wp-content\/uploads\/2025\/04\/HMI-100x100.jpeg 100w\" sizes=\"(max-width: 800px) 100vw, 800px\" \/>\t\t\t\t\t\t\n\t\t\t\t\t<\/div>\n\t\t\t\t\t\t\t\t\n<style>\n#image_40875170 {\n  width: 100%;\n}\n<\/style>\n\t<\/div>\n\t\n\t\t<\/div>\n\t\t\t\t\t<\/div>\n\n\t\n\n\t<div id=\"col-376582683\" class=\"col medium-6 small-12 large-6\"  >\n\t\t\t\t<div class=\"col-inner\"  >\n\t\t\t\n\t\t\t\n\t<div id=\"text-3388510951\" class=\"text\">\n\t\t\n<h2>L\u00e9ka\u0159sk\u00e9 rozhran\u00ed \u010dlov\u011bk-stroj (HMI)<\/h2>\n<p>L\u00e9ka\u0159sk\u00e9 rozhran\u00ed \u010dlov\u011bk-stroj (HMI) je interaktivn\u00ed most spojuj\u00edc\u00ed zdravotnick\u00e9 pracovn\u00edky, pacienty a l\u00e9ka\u0159sk\u00e9 vybaven\u00ed nebo syst\u00e9my. Jeho c\u00edlem je dos\u00e1hnout vstupu, v\u00fdstupu, monitorov\u00e1n\u00ed a kontroly l\u00e9ka\u0159sk\u00fdch dat prost\u0159ednictv\u00edm intuitivn\u00edch, bezpe\u010dn\u00fdch a efektivn\u00edch metod ovl\u00e1d\u00e1n\u00ed. Je z\u00e1kladn\u00ed sou\u010d\u00e1st\u00ed modern\u00edho zdravotnick\u00e9ho vybaven\u00ed (jako jsou ventil\u00e1tory, monitory, chirurgick\u00e9 roboty, zobrazovac\u00ed syst\u00e9my atd.) a digit\u00e1ln\u00edch zdravotnick\u00fdch syst\u00e9m\u016f (jako jsou elektronick\u00e9 zdravotn\u00ed z\u00e1znamy, platformy pro vzd\u00e1lenou diagnostiku a l\u00e9\u010dbu).<br \/>\n\t\t\n<style>\n#text-3388510951 {\n  line-height: 2;\n}\n<\/style>\n\t<\/div>\n\t\n<div class=\"row\"  id=\"row-83405669\">\n\n\t<div id=\"col-1128246278\" class=\"col small-12 large-12\"  >\n\t\t\t\t<div class=\"col-inner\"  >\n\t\t\t\n\t\t\t\n\t<div id=\"gap-1347735040\" class=\"gap-element clearfix\" style=\"display:block; height:auto;\">\n\t\t\n<style>\n#gap-1347735040 {\n  padding-top: 20px;\n}\n<\/style>\n\t<\/div>\n\t\n\t<div id=\"text-1483006828\" class=\"text\">\n\t\t\n<h2>\u0158e\u0161en\u00ed Rayera Medical HMI<\/h2>\n<p>V aplika\u010dn\u00edch sc\u00e9n\u00e1\u0159\u00edch l\u00e9ka\u0159sk\u00fdch HMI jsou faktory, jako je kvalita sv\u011btla, p\u0159esnost barev a sm\u011brovost sv\u011btla, p\u0159\u00edmo spojeny s \u00fa\u010dinnost\u00ed interakce mezi \u010dlov\u011bkem a strojem ve zdravotnick\u00e9m za\u0159\u00edzen\u00ed a jejich v\u00fdznam je z\u0159ejm\u00fd. D\u00edky hlubok\u00fdm zku\u0161enostem v oboru a \u0161pi\u010dkov\u00fdm technick\u00fdm znalostem n\u00e1\u0161 t\u00fdm \u00fasp\u011b\u0161n\u011b vytvo\u0159il \u0159e\u0161en\u00ed osv\u011btlen\u00ed. M\u00e1 spolehliv\u00fd v\u00fdkon a vysokou p\u0159esnost. V praktick\u00fdch aplikac\u00edch m\u016f\u017ee o\u0161et\u0159uj\u00edc\u00edmu person\u00e1lu zajistit v\u011bt\u0161\u00ed pohodl\u00ed p\u0159i obsluze zdravotnick\u00e9ho vybaven\u00ed a tak\u00e9 p\u0159in\u00e9st pacient\u016fm bezpe\u010dn\u00fd l\u00e9ka\u0159sk\u00fd z\u00e1\u017eitek, kter\u00fd je skute\u010dn\u011b intuitivn\u00ed, efektivn\u00ed a bezpe\u010dn\u00fd.<br \/>\n\t\t\n<style>\n#text-1483006828 {\n  line-height: 2;\n}\n<\/style>\n\t<\/div>\n\t\n\t\t<\/div>\n\t\t\t\t\t<\/div>\n\n\t\n<\/div>\n\t<div id=\"gap-1814059343\" class=\"gap-element clearfix\" style=\"display:block; height:auto;\">\n\t\t\n<style>\n#gap-1814059343 {\n  padding-top: 15px;\n}\n<\/style>\n\t<\/div>\n\t\n<div class=\"row\"  id=\"row-691621407\">\n\n\t<div id=\"col-300223993\" class=\"col small-12 large-12\"  >\n\t\t\t\t<div class=\"col-inner text-center\"  >\n\t\t\t\n\t\t\t\n<a href=\"https:\/\/backlightmfg.com\/cs\/contact\/\" class=\"button primary\"  style=\"border-radius:99px;\">\n    <span>dozv\u011bd\u011bt se v\u00edce<\/span>\n  <\/a>\n\n\t\t<\/div>\n\t\t\t\t\t<\/div>\n\n\t\n<\/div>\n\t\t<\/div>\n\t\t\t\t\n<style>\n#col-376582683 > .col-inner {\n  margin: 0px 0px 0px 0px;\n}\n<\/style>\n\t<\/div>\n\n\t\n<\/div>\n\t\t<\/div>\n\n\t\t\n<style>\n#section_1173807412 {\n  padding-top: 30px;\n  padding-bottom: 30px;\n}\n<\/style>\n\t<\/section>\n\t\n\t<section class=\"section\" id=\"section_1165828375\">\n\t\t<div class=\"bg section-bg fill bg-fill  bg-loaded\" >\n\n\t\t\t\n\t\t\t<div class=\"section-bg-overlay absolute fill\"><\/div>\n\t\t\t\n\n\t\t<\/div>\n\n\t\t\n\n\t\t<div class=\"section-content relative\">\n\t\t\t\n<div class=\"row\" style=\"max-width:1400px\" id=\"row-1686508124\">\n\n\t<div id=\"col-847979880\" class=\"col small-12 large-12\"  >\n\t\t\t\t<div class=\"col-inner\"  >\n\t\t\t\n\t\t\t\n<h2 style=\"text-align: center;\">Spolupr\u00e1ce se spole\u010dnost\u00ed Rayera<\/h2>\n<h4 style=\"text-align: center;\">Spole\u010dn\u00fd pokrok v oblasti zdravotnick\u00fdch HMI technologi\u00ed<\/h4>\n<p style=\"text-align: center;\">Klient\u016fm poskytujeme v\u0161estrannou a komplexn\u00ed metodiku v\u00fdvoje. Tento p\u0159\u00edstup nejen zefektiv\u0148uje proces, ale tak\u00e9 v\u00fdrazn\u011b sni\u017euje \u010das i n\u00e1klady. A\u0165 u\u017e teprve za\u010d\u00edn\u00e1te na\u010drt\u00e1vat n\u00e1pady ve f\u00e1zi n\u00e1vrhu, nebo jste v z\u00e1v\u011bre\u010dn\u00e9 f\u00e1zi dola\u010fov\u00e1n\u00ed, na\u0161e \u0161pi\u010dkov\u00e9 t\u00fdmy jsou p\u0159ipraveny s v\u00e1mi spolupracovat. Zam\u011b\u0159\u00edme se na optimalizaci \u0159e\u0161en\u00ed osv\u011btlen\u00ed, kter\u00e9 bude m\u00edt na u\u017eivatele nejpodstatn\u011bj\u0161\u00ed a nejpozitivn\u011bj\u0161\u00ed vliv.<\/p>\n\t\t<\/div>\n\t\t\t\t\t<\/div>\n\n\t\n<\/div>\n<div class=\"row\"  id=\"row-1801841137\">\n\n\t<div id=\"col-539986627\" class=\"col medium-6 small-12 large-6\"  >\n\t\t\t\t<div class=\"col-inner\"  >\n\t\t\t\n\t\t\t\n\t<div class=\"img has-hover x md-x lg-x y md-y lg-y\" id=\"image_1328812419\">\n\t\t\t\t\t\t\t\t<div class=\"img-inner dark\" >\n\t\t\t<img loading=\"lazy\" decoding=\"async\" width=\"800\" height=\"800\" src=\"https:\/\/backlightmfg.com\/wp-content\/uploads\/2025\/04\/HMI-1.jpeg\" class=\"attachment-original size-original\" alt=\"Optick\u00fd design a optimalizace zobrazen\u00ed\" srcset=\"https:\/\/backlightmfg.com\/wp-content\/uploads\/2025\/04\/HMI-1.jpeg 800w, https:\/\/backlightmfg.com\/wp-content\/uploads\/2025\/04\/HMI-1-300x300.jpeg 300w, https:\/\/backlightmfg.com\/wp-content\/uploads\/2025\/04\/HMI-1-150x150.jpeg 150w, https:\/\/backlightmfg.com\/wp-content\/uploads\/2025\/04\/HMI-1-768x768.jpeg 768w, https:\/\/backlightmfg.com\/wp-content\/uploads\/2025\/04\/HMI-1-12x12.jpeg 12w, https:\/\/backlightmfg.com\/wp-content\/uploads\/2025\/04\/HMI-1-510x510.jpeg 510w, https:\/\/backlightmfg.com\/wp-content\/uploads\/2025\/04\/HMI-1-100x100.jpeg 100w\" sizes=\"(max-width: 800px) 100vw, 800px\" \/>\t\t\t\t\t\t\n\t\t\t\t\t<\/div>\n\t\t\t\t\t\t\t\t\n<style>\n#image_1328812419 {\n  width: 100%;\n}\n<\/style>\n\t<\/div>\n\t\n\t\t<\/div>\n\t\t\t\t\t<\/div>\n\n\t\n\n\t<div id=\"col-722716533\" class=\"col medium-6 small-12 large-6\"  >\n\t\t\t\t<div class=\"col-inner\"  >\n\t\t\t\n\t\t\t\n<h3>Optick\u00fd design a optimalizace zobrazen\u00ed<\/h3>\n<ul>\n<li><strong>Kvalita sv\u011btla a regulace jasu: <\/strong>Zdravotnick\u00e9 HMI se mus\u00ed p\u0159izp\u016fsobit slo\u017eit\u00fdm sv\u011bteln\u00fdm podm\u00ednk\u00e1m a pou\u017e\u00edvat technologii adaptivn\u00edho stm\u00edv\u00e1n\u00ed, aby byla obrazovka dob\u0159e \u010diteln\u00e1 p\u0159i r\u016fzn\u00fdch \u00farovn\u00edch jasu bez osln\u011bn\u00ed. Nap\u0159\u00edklad displeje endoskop\u016f mus\u00ed m\u00edt vysoce rovnom\u011brn\u00e9 podsv\u00edcen\u00ed, aby nedoch\u00e1zelo k lok\u00e1ln\u00edmu p\u0159esv\u011btlen\u00ed nebo st\u00edn\u016fm naru\u0161uj\u00edc\u00edm posouzen\u00ed opera\u010dn\u00edho pole.<\/li>\n<li><strong>P\u0159esnost barev: <\/strong>P\u0159i kalibraci zobrazovac\u00edch za\u0159\u00edzen\u00ed p\u0159\u00edsn\u011b dodr\u017eujte standard DICOM, aby byla zaji\u0161t\u011bna klinick\u00e1 konzistence zobrazen\u00ed ve stupn\u00edch \u0161edi a pseudobarevn\u00e9m mapov\u00e1n\u00ed. Rozhran\u00ed pro monitorov\u00e1n\u00ed \u017eivota pou\u017e\u00edv\u00e1 standardizovan\u00e9 k\u00f3dov\u00e1n\u00ed v\u00fdstra\u017en\u00fdch barev, jako je \u010derven\u00e1\/zelen\u00e1\/\u017elut\u00e1, aby se zabr\u00e1nilo nespr\u00e1vn\u00e9mu vyhodnocen\u00ed ze strany u\u017eivatel\u016f s poruchami barevn\u00e9ho vid\u011bn\u00ed.<\/li>\n<li><strong>Sm\u011brovost a viditelnost: <\/strong>D\u00edky \u0161iroko\u00fahl\u00fdm panel\u016fm LCD\/OLED, antifogov\u00fdm vrstv\u00e1m a antireflexn\u00ed \u00faprav\u011b m\u016f\u017ee zdravotnick\u00fd person\u00e1l sledovat rozhran\u00ed z r\u016fzn\u00fdch \u00fahl\u016f, kdy\u017e stoj\u00ed, sed\u00ed nebo se pohybuje. Kl\u00ed\u010dov\u00e9 parametry jsou vyvedeny velk\u00fdm p\u00edsmem a ve vysok\u00e9m kontrastu, aby se zv\u00fd\u0161ila rychlost rozpozn\u00e1n\u00ed v nouzov\u00fdch situac\u00edch.<\/li>\n<\/ul>\n\t\t<\/div>\n\t\t\t\t\t<\/div>\n\n\t\n<\/div>\n\t\t<\/div>\n\n\t\t\n<style>\n#section_1165828375 {\n  padding-top: 30px;\n  padding-bottom: 30px;\n}\n#section_1165828375 .section-bg-overlay {\n  background-color: rgba(68, 96, 132, 0.11);\n}\n<\/style>\n\t<\/section>\n\t\n\t<section class=\"section\" id=\"section_1836875554\">\n\t\t<div class=\"bg section-bg fill bg-fill  bg-loaded\" >\n\n\t\t\t\n\t\t\t\n\t\t\t\n\n\t\t<\/div>\n\n\t\t\n\n\t\t<div class=\"section-content relative\">\n\t\t\t\n<div class=\"row\"  id=\"row-615370928\">\n\n\t<div id=\"col-2114637608\" class=\"col small-12 large-12\"  >\n\t\t\t\t<div class=\"col-inner\"  >\n\t\t\t\n\t\t\t\n<h3 style=\"text-align: center;\">P\u0159\u00edklad t\u00fdmov\u00e9ho \u0159e\u0161en\u00ed<\/h3>\n<p style=\"text-align: center;\">N\u00e1\u0161 t\u00fdm in\u017een\u00fdr\u016f vyvinul inteligentn\u00ed syst\u00e9m osv\u011btlen\u00ed pro l\u00e9ka\u0159sk\u00e9 \u00fa\u010dely, kter\u00fd \u0159e\u0161\u00ed n\u00e1sleduj\u00edc\u00ed probl\u00e9my:<\/p>\n\t\t<\/div>\n\t\t\t\t\t<\/div>\n\n\t\n<\/div>\n<div class=\"row\"  id=\"row-2101152401\">\n\n\t<div id=\"col-848922267\" class=\"col medium-6 small-12 large-6\"  >\n\t\t\t\t<div class=\"col-inner\"  >\n\t\t\t\n\t\t\t\n<p><strong>Spolehlivost a p\u0159esnost:<\/strong> D\u00edky pou\u017eit\u00ed l\u00e9ka\u0159sky certifikovan\u00fdch sv\u011bteln\u00fdch zdroj\u016f LED (v souladu s normou IEC 60601-1) je \u017eivotnost &gt;50 000 hodin a nedoch\u00e1z\u00ed k blik\u00e1n\u00ed, co\u017e zabra\u0148uje \u00fanav\u011b zraku zp\u016fsoben\u00e9 dlouhodob\u00fdm sledov\u00e1n\u00edm. Vestav\u011bn\u00fd sn\u00edma\u010d okoln\u00edho sv\u011btla a algoritmus um\u011bl\u00e9 inteligence pro p\u0159izp\u016fsoben\u00ed k\u0159ivky jasu NIT v re\u00e1ln\u00e9m \u010dase (nap\u0159. 800nit\u016f ve dne\/50nit\u016f v noci).<\/p>\n<p><strong>Interaktivn\u00ed a intuitivn\u00ed design:<\/strong><\/p>\n<ul>\n<li>Integrujte do panelu ventil\u00e1toru sm\u011brov\u00e1 sv\u011bteln\u00e1 vod\u00edtka, abyste mohli \u0159\u00eddit provozn\u00ed proces pomoc\u00ed animace sv\u011bteln\u00e9ho toku (nap\u0159\u00edklad nastaven\u00ed hodnoty PEEP ot\u00e1\u010den\u00edm ve sm\u011bru hodinov\u00fdch ru\u010di\u010dek).<\/li>\n<li>Navrhn\u011bte v\u00edcebarevn\u00fd kruhov\u00fd indik\u00e1tor pro ru\u010dn\u00ed ultrazvukov\u00e9 za\u0159\u00edzen\u00ed a pou\u017eijte barevn\u00fd gradient sytosti pro indikaci prahov\u00e9 hodnoty tlaku sondy (modr\u00e1\u2192zelen\u00e1\u2192\u010derven\u00e1 odpov\u00edd\u00e1 bezpe\u010dnosti\u2192v\u00fdstraze).<\/li>\n<\/ul>\n<p><strong>Bezpe\u010dnostn\u00ed redundan\u010dn\u00ed mechanismus: <\/strong>Dvoukan\u00e1lov\u00fd nez\u00e1visl\u00fd obvod pohonu podsv\u00edcen\u00ed zabra\u0148uje riziku \u010dern\u00e9 obrazovky a v nouzov\u00e9m re\u017eimu automaticky p\u0159epne na monochromatick\u00e9 zv\u00fdrazn\u011bn\u00ed displeje (nap\u0159. zachov\u00e1v\u00e1 pr\u016fb\u011bh kysl\u00edku v krvi, kdy\u017e sel\u017ee rozhran\u00ed ECMO).<\/p>\n\t\t<\/div>\n\t\t\t\t\t<\/div>\n\n\t\n\n\t<div id=\"col-544361757\" class=\"col medium-6 small-12 large-6\"  >\n\t\t\t\t<div class=\"col-inner\"  >\n\t\t\t\n\t\t\t\n\t<div class=\"img has-hover x md-x lg-x y md-y lg-y\" id=\"image_1656895824\">\n\t\t\t\t\t\t\t\t<div class=\"img-inner dark\" >\n\t\t\t<img loading=\"lazy\" decoding=\"async\" width=\"800\" height=\"800\" src=\"https:\/\/backlightmfg.com\/wp-content\/uploads\/2025\/04\/HMI-3.jpeg\" class=\"attachment-original size-original\" alt=\"P\u0159\u00edklad t\u00fdmov\u00e9ho \u0159e\u0161en\u00ed\" srcset=\"https:\/\/backlightmfg.com\/wp-content\/uploads\/2025\/04\/HMI-3.jpeg 800w, https:\/\/backlightmfg.com\/wp-content\/uploads\/2025\/04\/HMI-3-300x300.jpeg 300w, https:\/\/backlightmfg.com\/wp-content\/uploads\/2025\/04\/HMI-3-150x150.jpeg 150w, https:\/\/backlightmfg.com\/wp-content\/uploads\/2025\/04\/HMI-3-768x768.jpeg 768w, https:\/\/backlightmfg.com\/wp-content\/uploads\/2025\/04\/HMI-3-12x12.jpeg 12w, https:\/\/backlightmfg.com\/wp-content\/uploads\/2025\/04\/HMI-3-510x510.jpeg 510w, https:\/\/backlightmfg.com\/wp-content\/uploads\/2025\/04\/HMI-3-100x100.jpeg 100w\" sizes=\"(max-width: 800px) 100vw, 800px\" \/>\t\t\t\t\t\t\n\t\t\t\t\t<\/div>\n\t\t\t\t\t\t\t\t\n<style>\n#image_1656895824 {\n  width: 100%;\n}\n<\/style>\n\t<\/div>\n\t\n\t\t<\/div>\n\t\t\t\t\t<\/div>\n\n\t\n<\/div>\n\t\t<\/div>\n\n\t\t\n<style>\n#section_1836875554 {\n  padding-top: 30px;\n  padding-bottom: 30px;\n}\n<\/style>\n\t<\/section>\n\t\n\t<section class=\"section\" id=\"section_1442155663\">\n\t\t<div class=\"bg section-bg fill bg-fill  bg-loaded\" >\n\n\t\t\t\n\t\t\t<div class=\"section-bg-overlay absolute fill\"><\/div>\n\t\t\t\n\n\t\t<\/div>\n\n\t\t\n\n\t\t<div class=\"section-content relative\">\n\t\t\t\n<div class=\"row\"  id=\"row-857700616\">\n\n\t<div id=\"col-328093400\" class=\"col medium-6 small-12 large-6\"  >\n\t\t\t\t<div class=\"col-inner\"  >\n\t\t\t\n\t\t\t\n\t<div class=\"img has-hover x md-x lg-x y md-y lg-y\" id=\"image_728148904\">\n\t\t\t\t\t\t\t\t<div class=\"img-inner image-cover dark\" style=\"padding-top:78%;\">\n\t\t\t<img loading=\"lazy\" decoding=\"async\" width=\"800\" height=\"800\" src=\"https:\/\/backlightmfg.com\/wp-content\/uploads\/2025\/04\/HMI-2.jpeg\" class=\"attachment-original size-original\" alt=\"Z\u00e1sady n\u00e1vrhu\" srcset=\"https:\/\/backlightmfg.com\/wp-content\/uploads\/2025\/04\/HMI-2.jpeg 800w, https:\/\/backlightmfg.com\/wp-content\/uploads\/2025\/04\/HMI-2-300x300.jpeg 300w, https:\/\/backlightmfg.com\/wp-content\/uploads\/2025\/04\/HMI-2-150x150.jpeg 150w, https:\/\/backlightmfg.com\/wp-content\/uploads\/2025\/04\/HMI-2-768x768.jpeg 768w, https:\/\/backlightmfg.com\/wp-content\/uploads\/2025\/04\/HMI-2-12x12.jpeg 12w, https:\/\/backlightmfg.com\/wp-content\/uploads\/2025\/04\/HMI-2-510x510.jpeg 510w, https:\/\/backlightmfg.com\/wp-content\/uploads\/2025\/04\/HMI-2-100x100.jpeg 100w\" sizes=\"(max-width: 800px) 100vw, 800px\" \/>\t\t\t\t\t\t\n\t\t\t\t\t<\/div>\n\t\t\t\t\t\t\t\t\n<style>\n#image_728148904 {\n  width: 100%;\n}\n<\/style>\n\t<\/div>\n\t\n\t\t<\/div>\n\t\t\t\t\t<\/div>\n\n\t\n\n\t<div id=\"col-596704337\" class=\"col medium-6 small-12 large-6\"  >\n\t\t\t\t<div class=\"col-inner\"  >\n\t\t\t\n\t\t\t\n<h3>Z\u00e1sady designu<\/h3>\n<p><strong>P\u0159izp\u016fsobivost sv\u011bteln\u00e9mu prost\u0159ed\u00ed:<\/strong> Barevn\u00e1 teplota rozhran\u00ed je synchronizov\u00e1na s osv\u011btlen\u00edm zdravotnick\u00fdch za\u0159\u00edzen\u00ed (nap\u0159. 4500K studen\u00e9 b\u00edl\u00e9 sv\u011btlo na opera\u010dn\u00edm s\u00e1le), aby se sn\u00ed\u017eilo zkreslen\u00ed vn\u00edm\u00e1n\u00ed barev zdravotnick\u00fdm person\u00e1lem p\u0159i p\u0159ep\u00edn\u00e1n\u00ed jejich zorn\u00e9ho pole. Pro tmav\u00e9 sc\u00e9ny v m\u00edstnostech (nap\u0159\u00edklad na radiologick\u00fdch odd\u011blen\u00edch) je k dispozici re\u017eim adaptace na \u010dervenou barvu ve tm\u011b, aby byla zachov\u00e1na ostrost vid\u011bn\u00ed.<\/p>\n<h3>V\u00fdzvy a budouc\u00ed trendy<\/h3>\n<ul>\n<li><strong>Miniaturizace a flexibiln\u00ed displej:<\/strong> V\u00fdvoj panel\u016f Micro-LET s velmi n\u00edzkou spot\u0159ebou energie pro zak\u0159iven\u00fd design HMI nositeln\u00fdch zdravotnick\u00fdch za\u0159\u00edzen\u00ed.<\/li>\n<li><strong>Biokompatibiln\u00ed osv\u011btlen\u00ed:<\/strong> Studie integrovan\u00e9ho pou\u017eit\u00ed sv\u011bteln\u00fdch zdroj\u016f specifick\u00e9 vlnov\u00e9 d\u00e9lky (nap\u0159. modrofialov\u00e9 sv\u011btlo 405 nm) p\u0159i dezinfekci rozhran\u00ed a interaktivn\u00ed kontrole.<\/li>\n<\/ul>\n\t\t<\/div>\n\t\t\t\t\t<\/div>\n\n\t\n<\/div>\n\t\t<\/div>\n\n\t\t\n<style>\n#section_1442155663 {\n  padding-top: 30px;\n  padding-bottom: 30px;\n}\n#section_1442155663 .section-bg-overlay {\n  background-color: #eaeef1;\n}\n<\/style>\n\t<\/section>\n\t\n\t<section class=\"section\" id=\"section_249034724\">\n\t\t<div class=\"bg section-bg fill bg-fill  bg-loaded\" >\n\n\t\t\t\n\t\t\t\n\t\t\t\n\n\t\t<\/div>\n\n\t\t\n\n\t\t<div class=\"section-content relative\">\n\t\t\t\n<div class=\"row\"  id=\"row-383024638\">\n\n\t<div id=\"col-1638377545\" class=\"col small-12 large-12\"  >\n\t\t\t\t<div class=\"col-inner\"  >\n\t\t\t\n\t\t\t\n<h1 style=\"text-align: center;\">Od slo\u017eit\u00e9ho k sebev\u011bdom\u00e9mu: Rayera Powers Medical HMI Success<\/h1>\n<p style=\"text-align: center;\">S rostouc\u00ed popt\u00e1vkou po men\u0161\u00edch p\u0159\u00edstroj\u00edch \u010del\u00ed spole\u010dnosti vyr\u00e1b\u011bj\u00edc\u00ed zdravotnick\u00e9 v\u00fdrobky den ode dne slo\u017eit\u011bj\u0161\u00edm v\u00fdzv\u00e1m v oblasti osv\u011btlen\u00ed. Se spole\u010dnost\u00ed Rayera jako partnerem z\u00edsk\u00e1te optim\u00e1ln\u00ed \u0159e\u0161en\u00ed osv\u011btlen\u00ed, dostanete sv\u016fj v\u00fdrobek k z\u00e1kazn\u00edkovi rychleji a z\u00edsk\u00e1te v\u00edce zak\u00e1zek.<\/p>\n\t\t<\/div>\n\t\t\t\t\t<\/div>\n\n\t\n<\/div>\n<div class=\"row\"  id=\"row-413775846\">\n\n\t<div id=\"col-863165654\" class=\"col small-12 large-12\"  >\n\t\t\t\t<div class=\"col-inner\"  >\n\t\t\t\n\t\t\t\n\n<div class=\"wpcf7 no-js\" id=\"wpcf7-f280-o1\" lang=\"en-US\" dir=\"ltr\">\n<div class=\"screen-reader-response\"><p role=\"status\" aria-live=\"polite\" aria-atomic=\"true\"><\/p> <ul><\/ul><\/div>\n<form action=\"\/cs\/wp-json\/wp\/v2\/pages\/2265#wpcf7-f280-o1\" method=\"post\" class=\"wpcf7-form init\" aria-label=\"Kontaktn\u00ed formul\u00e1\u0159\" novalidate=\"novalidate\" data-status=\"init\" data-trp-original-action=\"\/cs\/wp-json\/wp\/v2\/pages\/2265#wpcf7-f280-o1\">\n<div style=\"display: none;\">\n<input type=\"hidden\" name=\"_wpcf7\" value=\"280\" \/>\n<input type=\"hidden\" name=\"_wpcf7_version\" value=\"5.9.6\" \/>\n<input type=\"hidden\" name=\"_wpcf7_locale\" value=\"en_US\" \/>\n<input type=\"hidden\" name=\"_wpcf7_unit_tag\" value=\"wpcf7-f280-o1\" \/>\n<input type=\"hidden\" name=\"_wpcf7_container_post\" value=\"0\" \/>\n<input type=\"hidden\" name=\"_wpcf7_posted_data_hash\" value=\"\" \/>\n<\/div>\n<div class='custom_contact_style'>\n\t<div class=\"row row-small\">\n\t\t<div class=\"col medium-6 small-12 large-6\">\n\t\t\t<div class=\"col-inner\">\n\t\t\t\t<p><span class=\"wpcf7-form-control-wrap\" data-name=\"your-name\"><input size=\"40\" maxlength=\"80\" class=\"wpcf7-form-control wpcf7-text wpcf7-validates-as-required\" aria-required=\"true\" aria-invalid=\"false\" placeholder=\"Jm\u00e9no*\" value=\"\" type=\"text\" name=\"your-name\" \/><\/span>\n\t\t\t\t<\/p>\n\t\t\t<\/div>\n\t\t<\/div>\n\t\t<div class=\"col medium-6 small-12 large-6\">\n\t\t\t<div class=\"col-inner\">\n\t\t\t\t<p><span class=\"wpcf7-form-control-wrap\" data-name=\"your-email\"><input size=\"40\" maxlength=\"80\" class=\"wpcf7-form-control wpcf7-email wpcf7-validates-as-required wpcf7-text wpcf7-validates-as-email\" aria-required=\"true\" aria-invalid=\"false\" placeholder=\"E-mail*\" value=\"\" type=\"email\" name=\"your-email\" \/><\/span>\n\t\t\t\t<\/p>\n\t\t\t<\/div>\n\t\t<\/div>\n\t<\/div>\n\t<div class='cus_contact_form_bottom'>\n\t\t<p><span class=\"wpcf7-form-control-wrap\" data-name=\"your-phone\"><input size=\"40\" maxlength=\"80\" class=\"wpcf7-form-control wpcf7-text\" aria-invalid=\"false\" placeholder=\"Telefon\" value=\"\" type=\"text\" name=\"your-phone\" \/><\/span>\n\t\t<\/p>\n\t<\/div>\n\t<div class='cus_contact_form_bottom'>\n\t\t<p><span class=\"wpcf7-form-control-wrap\" data-name=\"your-country\"><input size=\"40\" maxlength=\"80\" class=\"wpcf7-form-control wpcf7-text\" aria-invalid=\"false\" placeholder=\"Zem\u011b\" value=\"\" type=\"text\" name=\"your-country\" \/><\/span>\n\t\t<\/p>\n\t<\/div>\n\t<p><span class=\"wpcf7-form-control-wrap\" data-name=\"your-message\"><textarea cols=\"40\" rows=\"10\" maxlength=\"400\" class=\"wpcf7-form-control wpcf7-textarea wpcf7-validates-as-required\" aria-required=\"true\" aria-invalid=\"false\" placeholder=\"Va\u0161e zpr\u00e1va *\" name=\"your-message\"><\/textarea><\/span>\n\t<\/p>\n\t<div style=\"margin-bottom:10px;\">\n\t\t<p><span class=\"wpcf7-form-control-wrap kc_captcha cf7ic-toggle\" data-name=\"kc_captcha\"><span class=\"wpcf7-form-control wpcf7-radio\"><span class=\"captcha-image\" style=\"display: none;\"><span class=\"cf7ic_instructions\">Proka\u017ete, \u017ee jste \u010dlov\u011bk, v\u00fdb\u011brem<span> strom<\/span>.<\/span><label><input aria-label=\"1\" type=\"radio\" name=\"kc_captcha\" value=\"bot\" \/><svg aria-hidden=\"true\" role=\"img\" xmlns=\"http:\/\/www.w3.org\/2000\/svg\" viewbox=\"0 0 576 512\"><path fill=\"currentColor\" d=\"M415 24c-53 0-103 42-127 65-24-23-74-65-127-65C70 24 16 77 16 166c0 72 67 133 69 135l187 181c9 8 23 8 32 0l187-180c2-3 69-64 69-136 0-89-54-142-145-142z\"\/><\/svg><\/label><label><input aria-label=\"2\" type=\"radio\" name=\"kc_captcha\" value=\"bot\" \/><svg aria-hidden=\"true\" role=\"img\" xmlns=\"http:\/\/www.w3.org\/2000\/svg\" viewbox=\"0 0 576 512\"><path fill=\"currentColor\" d=\"M488 313v143c0 13-11 24-24 24H348c-7 0-12-5-12-12V356c0-7-5-12-12-12h-72c-7 0-12 5-12 12v112c0 7-5 12-12 12H112c-13 0-24-11-24-24V313c0-4 2-7 4-10l188-154c5-4 11-4 16 0l188 154c2 3 4 6 4 10zm84-61l-84-69V44c0-6-5-12-12-12h-56c-7 0-12 6-12 12v73l-89-74a48 48 0 00-61 0L4 252c-5 4-5 12-1 17l25 31c5 5 12 5 17 1l235-193c5-4 11-4 16 0l235 193c5 5 13 4 17-1l25-31c4-6 4-13-1-17z\"\/><\/svg><\/label><label><input aria-label=\"3\" type=\"radio\" name=\"kc_captcha\" value=\"kc_human\" \/><svg aria-hidden=\"true\" role=\"img\" xmlns=\"http:\/\/www.w3.org\/2000\/svg\" viewbox=\"0 0 384 512\"><path fill=\"currentColor\" d=\"M377 375l-83-87h34c21 0 32-25 17-40l-82-88h33c21 0 32-25 18-40L210 8c-10-11-26-11-36 0L70 120c-14 15-3 40 18 40h33l-82 88c-15 15-4 40 17 40h34L7 375c-15 16-4 41 17 41h120c0 33-11 49-34 68-12 9-5 28 10 28h144c15 0 22-19 10-28-20-16-34-32-34-68h120c21 0 32-25 17-41z\"\/><\/svg><\/label>\r\n    <\/span>\r\n    <span style=\"display:none\">\r\n        <input type=\"text\" name=\"kc_honeypot\">\r\n    <\/span><\/span><\/span>\n\t\t<\/p>\n\t<\/div>\n\t<p><input class=\"wpcf7-form-control wpcf7-submit has-spinner\" type=\"submit\" value=\"Odeslat zpr\u00e1vu\" \/>\n\t<\/p>\n<\/div><div class=\"wpcf7-response-output\" aria-hidden=\"true\"><\/div>\n<input type=\"hidden\" name=\"trp-form-language\" value=\"cs\"\/><\/form>\n<\/div>\n\n\t\t<\/div>\n\t\t\t\t\t<\/div>\n\n\t\n<\/div>\n\t\t<\/div>\n\n\t\t\n<style>\n#section_249034724 {\n  padding-top: 30px;\n  padding-bottom: 30px;\n}\n<\/style>\n\t<\/section>","protected":false},"excerpt":{"rendered":"","protected":false},"author":1,"featured_media":0,"parent":0,"menu_order":0,"comment_status":"closed","ping_status":"closed","template":"page-blank.php","meta":{"footnotes":""},"_links":{"self":[{"href":"https:\/\/backlightmfg.com\/cs\/wp-json\/wp\/v2\/pages\/2265"}],"collection":[{"href":"https:\/\/backlightmfg.com\/cs\/wp-json\/wp\/v2\/pages"}],"about":[{"href":"https:\/\/backlightmfg.com\/cs\/wp-json\/wp\/v2\/types\/page"}],"author":[{"embeddable":true,"href":"https:\/\/backlightmfg.com\/cs\/wp-json\/wp\/v2\/users\/1"}],"replies":[{"embeddable":true,"href":"https:\/\/backlightmfg.com\/cs\/wp-json\/wp\/v2\/comments?post=2265"}],"version-history":[{"count":23,"href":"https:\/\/backlightmfg.com\/cs\/wp-json\/wp\/v2\/pages\/2265\/revisions"}],"predecessor-version":[{"id":2315,"href":"https:\/\/backlightmfg.com\/cs\/wp-json\/wp\/v2\/pages\/2265\/revisions\/2315"}],"wp:attachment":[{"href":"https:\/\/backlightmfg.com\/cs\/wp-json\/wp\/v2\/media?parent=2265"}],"curies":[{"name":"wp","href":"https:\/\/api.w.org\/{rel}","templated":true}]}}