{"id":2011,"date":"2024-09-14T08:11:32","date_gmt":"2024-09-14T08:11:32","guid":{"rendered":"https:\/\/backlightmfg.com\/?page_id=2011"},"modified":"2024-09-14T08:48:30","modified_gmt":"2024-09-14T08:48:30","slug":"fiber-optic-backlight-panels","status":"publish","type":"page","link":"https:\/\/backlightmfg.com\/cs\/fiber-optic-backlight-panels\/","title":{"rendered":"Panely s podsv\u00edcen\u00edm z optick\u00fdch vl\u00e1ken"},"content":{"rendered":"<div class=\"banner has-hover has-parallax\" id=\"banner-1159125726\">\n          <div class=\"banner-inner fill\">\n        <div class=\"banner-bg fill\" data-parallax=\"-3\" data-parallax-container=\".banner\" data-parallax-background>\n            <div class=\"bg fill bg-fill\"><\/div>\n                                    \n                    <\/div>\n\t\t\n        <div class=\"banner-layers container\">\n            <div class=\"fill banner-link\"><\/div>            \n   <div id=\"text-box-1182475920\" class=\"text-box banner-layer x50 md-x85 lg-x85 y50 md-y50 lg-y50 res-text\">\n                     <div data-animate=\"fadeInLeft\">           <div class=\"text-box-content text dark\">\n              \n              <div class=\"text-inner text-center\">\n                  \n<h1 style=\"text-align: center;\">Panel podsv\u00edcen\u00ed s optick\u00fdmi vl\u00e1kny<\/h1>\n              <\/div>\n           <\/div>\n       <\/div>                     \n<style>\n#text-box-1182475920 {\n  width: 80%;\n}\n#text-box-1182475920 .text-box-content {\n  font-size: 100%;\n}\n@media (min-width:550px) {\n  #text-box-1182475920 {\n    width: 66%;\n  }\n}\n<\/style>\n    <\/div>\n \n        <\/div>\n      <\/div>\n\n            \n<style>\n#banner-1159125726 {\n  padding-top: 200px;\n}\n#banner-1159125726 .bg.bg-loaded {\n  background-image: 8950;\n}\n#banner-1159125726 .overlay {\n  background-color: rgba(0, 0, 0, 0.3);\n}\n#banner-1159125726 .bg {\n  background-position: 35% 23%;\n}\n<\/style>\n  <\/div>\n\n\n\t<section class=\"section\" id=\"section_83603934\">\n\t\t<div class=\"bg section-bg fill bg-fill  bg-loaded\" >\n\n\t\t\t\n\t\t\t\n\t\t\t\n\n\t\t<\/div>\n\n\t\t\n\n\t\t<div class=\"section-content relative\">\n\t\t\t\n<div class=\"row\"  id=\"row-1686287973\">\n\n\t<div id=\"col-1322689645\" class=\"col small-12 large-12\"  >\n\t\t\t\t<div class=\"col-inner\"  >\n\t\t\t\n\t\t\t\n<h2 class=\"\" style=\"text-align: center;\" data-sourcepos=\"1:1-1:54\">Panely s podsv\u00edcen\u00edm z optick\u00fdch vl\u00e1ken: Osv\u011btlovac\u00ed displeje<\/h2>\n<p data-sourcepos=\"3:1-3:121\">Panely s podsv\u00edcen\u00edm z optick\u00fdch vl\u00e1ken jsou typem zobrazovac\u00ed technologie, kter\u00e1 vyu\u017e\u00edv\u00e1 optick\u00e1 vl\u00e1kna pro sm\u011brov\u00e1n\u00ed sv\u011btla ze zdroje na zadn\u00ed stranu obrazovky a vytv\u00e1\u0159\u00ed tak rovnom\u011brn\u00e9 a jasn\u00e9 osv\u011btlen\u00ed. Tato technologie se b\u011b\u017en\u011b pou\u017e\u00edv\u00e1 v displej\u00edch LCD a OLED.<\/p>\n\t\t<\/div>\n\t\t\t\t\t<\/div>\n\n\t\n<\/div>\n<div class=\"row\"  id=\"row-949604800\">\n\n\t<div id=\"col-1588589222\" class=\"col small-12 large-12\"  >\n\t\t\t\t<div class=\"col-inner\"  >\n\t\t\t\n\t\t\t\n\t<div class=\"img has-hover x md-x lg-x y md-y lg-y\" id=\"image_1712713608\">\n\t\t\t\t\t\t\t\t<div class=\"img-inner dark\" >\n\t\t\t<img loading=\"lazy\" decoding=\"async\" width=\"1020\" height=\"631\" src=\"https:\/\/backlightmfg.com\/wp-content\/uploads\/2024\/09\/1625228552-1024x633.jpg\" class=\"attachment-large size-large\" alt=\"Panely s podsv\u00edcen\u00edm z optick\u00fdch vl\u00e1ken\" srcset=\"https:\/\/backlightmfg.com\/wp-content\/uploads\/2024\/09\/1625228552-1024x633.jpg 1024w, https:\/\/backlightmfg.com\/wp-content\/uploads\/2024\/09\/1625228552-300x186.jpg 300w, https:\/\/backlightmfg.com\/wp-content\/uploads\/2024\/09\/1625228552-768x475.jpg 768w, https:\/\/backlightmfg.com\/wp-content\/uploads\/2024\/09\/1625228552-1536x950.jpg 1536w, https:\/\/backlightmfg.com\/wp-content\/uploads\/2024\/09\/1625228552-18x12.jpg 18w, https:\/\/backlightmfg.com\/wp-content\/uploads\/2024\/09\/1625228552-510x315.jpg 510w, https:\/\/backlightmfg.com\/wp-content\/uploads\/2024\/09\/1625228552.jpg 1990w\" sizes=\"(max-width: 1020px) 100vw, 1020px\" \/>\t\t\t\t\t\t\n\t\t\t\t\t<\/div>\n\t\t\t\t\t\t\t\t\n<style>\n#image_1712713608 {\n  width: 100%;\n}\n<\/style>\n\t<\/div>\n\t\n\t\t<\/div>\n\t\t\t\t\t<\/div>\n\n\t\n<\/div>\n\t\t<\/div>\n\n\t\t\n<style>\n#section_83603934 {\n  padding-top: 30px;\n  padding-bottom: 30px;\n}\n<\/style>\n\t<\/section>\n\t\n\t<section class=\"section\" id=\"section_1866598646\">\n\t\t<div class=\"bg section-bg fill bg-fill  bg-loaded\" >\n\n\t\t\t\n\t\t\t\n\t\t\t\n\n\t\t<\/div>\n\n\t\t\n\n\t\t<div class=\"section-content relative\">\n\t\t\t\n<div class=\"row\"  id=\"row-1383873949\">\n\n\t<div id=\"col-1388125378\" class=\"col medium-6 small-12 large-6\"  >\n\t\t\t\t<div class=\"col-inner\"  >\n\t\t\t\n\t\t\t\n\t<div class=\"img has-hover x md-x lg-x y md-y lg-y\" id=\"image_147101320\">\n\t\t\t\t\t\t\t\t<div class=\"img-inner image-cover dark\" style=\"padding-top:100%;\">\n\t\t\t<img loading=\"lazy\" decoding=\"async\" width=\"2560\" height=\"1920\" src=\"https:\/\/backlightmfg.com\/wp-content\/uploads\/2024\/09\/1625232631-scaled.jpg\" class=\"attachment-original size-original\" alt=\"Osv\u011btlen\u00ed optick\u00fdmi vl\u00e1kny\" srcset=\"https:\/\/backlightmfg.com\/wp-content\/uploads\/2024\/09\/1625232631-scaled.jpg 2560w, https:\/\/backlightmfg.com\/wp-content\/uploads\/2024\/09\/1625232631-300x225.jpg 300w, https:\/\/backlightmfg.com\/wp-content\/uploads\/2024\/09\/1625232631-1024x768.jpg 1024w, https:\/\/backlightmfg.com\/wp-content\/uploads\/2024\/09\/1625232631-768x576.jpg 768w, https:\/\/backlightmfg.com\/wp-content\/uploads\/2024\/09\/1625232631-1536x1152.jpg 1536w, https:\/\/backlightmfg.com\/wp-content\/uploads\/2024\/09\/1625232631-2048x1536.jpg 2048w, https:\/\/backlightmfg.com\/wp-content\/uploads\/2024\/09\/1625232631-16x12.jpg 16w, https:\/\/backlightmfg.com\/wp-content\/uploads\/2024\/09\/1625232631-510x383.jpg 510w\" sizes=\"(max-width: 2560px) 100vw, 2560px\" \/>\t\t\t\t\t\t\n\t\t\t\t\t<\/div>\n\t\t\t\t\t\t\t\t\n<style>\n#image_147101320 {\n  width: 100%;\n}\n<\/style>\n\t<\/div>\n\t\n\t\t<\/div>\n\t\t\t\t\t<\/div>\n\n\t\n\n\t<div id=\"col-1982723878\" class=\"col medium-6 small-12 large-6\"  >\n\t\t\t\t<div class=\"col-inner\"  >\n\t\t\t\n\t\t\t\n<h3 data-sourcepos=\"5:1-5:41\"><strong>Kl\u00ed\u010dov\u00e9 komponenty panel\u016f s optick\u00fdmi vl\u00e1kny:<\/strong><\/h3>\n<ul data-sourcepos=\"7:1-8:63\">\n<li data-sourcepos=\"7:1-7:77\"><strong>Zdroj sv\u011btla:<\/strong> Zdroj sv\u011btla, obvykle LED diody nebo z\u00e1\u0159ivky.<\/li>\n<li data-sourcepos=\"8:1-8:63\"><strong>Optick\u00e9 kabely:<\/strong> Tenk\u00e1 vl\u00e1kna ze skla nebo plastu, kter\u00e1 propou\u0161t\u011bj\u00ed sv\u011btlo.<\/li>\n<li data-sourcepos=\"9:1-9:82\"><strong>Sv\u011bteln\u00e1 vodic\u00ed deska:<\/strong> Pr\u016fhledn\u00fd materi\u00e1l, kter\u00fd rovnom\u011brn\u011b rozd\u011bluje sv\u011btlo.<\/li>\n<li data-sourcepos=\"10:1-10:50\"><strong>Difuz\u00e9r:<\/strong> Materi\u00e1l, kter\u00fd rozptyluje sv\u011btlo a vytv\u00e1\u0159\u00ed rovnom\u011brn\u00e9 osv\u011btlen\u00ed.<\/li>\n<\/ul>\n<h3 data-sourcepos=\"12:1-12:42\"><strong>Jak funguj\u00ed panely s podsv\u00edcen\u00edm z optick\u00fdch vl\u00e1ken:<\/strong><\/h3>\n<ol data-sourcepos=\"14:1-18:0\">\n<li data-sourcepos=\"14:1-14:80\"><strong>Sv\u011bteln\u00e9 emise:<\/strong> Zdroj sv\u011btla vys\u00edl\u00e1 sv\u011btlo do optick\u00fdch kabel\u016f.<\/li>\n<li data-sourcepos=\"15:1-15:101\"><strong>P\u0159enos sv\u011btla:<\/strong> Sv\u011btlo proch\u00e1z\u00ed optick\u00fdmi kabely do sv\u011btlovodn\u00e9 desky.<\/li>\n<li data-sourcepos=\"16:1-16:109\"><strong>Rozlo\u017een\u00ed sv\u011btla:<\/strong> Sv\u011btlovodn\u00e1 deska rovnom\u011brn\u011b rozd\u011bluje sv\u011btlo po zadn\u00ed stran\u011b displeje.<\/li>\n<li data-sourcepos=\"17:1-18:0\"><strong>Osv\u011btlen\u00ed:<\/strong> Rozpt\u00fdlen\u00e9 sv\u011btlo osv\u011btluje obrazovku a vytv\u00e1\u0159\u00ed jasn\u00fd a rovnom\u011brn\u00fd obraz.<\/li>\n<\/ol>\n\t\t<\/div>\n\t\t\t\t\t<\/div>\n\n\t\n<\/div>\n\t\t<\/div>\n\n\t\t\n<style>\n#section_1866598646 {\n  padding-top: 30px;\n  padding-bottom: 30px;\n  background-color: #c3e7f2;\n}\n<\/style>\n\t<\/section>\n\t\n\t<section class=\"section\" id=\"section_660016487\">\n\t\t<div class=\"bg section-bg fill bg-fill  bg-loaded\" >\n\n\t\t\t\n\t\t\t\n\t\t\t\n\n\t\t<\/div>\n\n\t\t\n\n\t\t<div class=\"section-content relative\">\n\t\t\t\n<div class=\"row\"  id=\"row-972500203\">\n\n\t<div id=\"col-1186381165\" class=\"col medium-6 small-12 large-6\"  >\n\t\t\t\t<div class=\"col-inner\"  >\n\t\t\t\n\t\t\t\n<h3 data-sourcepos=\"19:1-19:45\">V\u00fdhody panel\u016f s podsv\u00edcen\u00edm z optick\u00fdch vl\u00e1ken:<\/h3>\n<ul data-sourcepos=\"21:1-21:140\">\n<li data-sourcepos=\"21:1-21:140\"><strong>Rovnom\u011brn\u00e9 osv\u011btlen\u00ed:<\/strong> Panely s podsv\u00edcen\u00edm z optick\u00fdch vl\u00e1ken poskytuj\u00ed rovnom\u011brn\u011bj\u0161\u00ed a konzistentn\u011bj\u0161\u00ed osv\u011btlen\u00ed ve srovn\u00e1n\u00ed s tradi\u010dn\u00edm podsv\u00edcen\u00edm s osv\u011btlen\u00edm na okraj\u00edch nebo s p\u0159\u00edm\u00fdm osv\u011btlen\u00edm.<\/li>\n<li data-sourcepos=\"22:1-22:141\"><strong>Energetick\u00e1 \u00fa\u010dinnost:<\/strong> Mohou b\u00fdt energeticky \u00fasporn\u011bj\u0161\u00ed ne\u017e jin\u00e9 technologie podsv\u00edcen\u00ed, zejm\u00e9na p\u0159i pou\u017eit\u00ed vysoce \u00fa\u010dinn\u00fdch diod LED.<\/li>\n<li data-sourcepos=\"23:1-23:99\"><strong>Tenk\u00fd design:<\/strong> Panely s podsv\u00edcen\u00edm z optick\u00fdch vl\u00e1ken umo\u017e\u0148uj\u00ed ten\u010d\u00ed a kompaktn\u011bj\u0161\u00ed proveden\u00ed displeje.<\/li>\n<li data-sourcepos=\"24:1-25:0\"><strong>Flexibilita:<\/strong> Lze je p\u0159izp\u016fsobit r\u016fzn\u00fdm velikostem a tvar\u016fm displeje.<\/li>\n<\/ul>\n<h3 data-sourcepos=\"26:1-26:49\">Aplikace panel\u016f s podsv\u00edcen\u00edm z optick\u00fdch vl\u00e1ken:<\/h3>\n<ul data-sourcepos=\"28:1-31:0\">\n<li data-sourcepos=\"28:1-28:72\"><strong>Displeje LCD:<\/strong> Pou\u017e\u00edv\u00e1 se v televizorech, po\u010d\u00edta\u010dov\u00fdch monitorech a notebooc\u00edch.<\/li>\n<li data-sourcepos=\"29:1-29:68\"><strong>Displeje OLED:<\/strong> Pou\u017e\u00edv\u00e1 se v chytr\u00fdch telefonech, tabletech a \u0161pi\u010dkov\u00fdch televizorech.<\/li>\n<li data-sourcepos=\"30:1-31:0\"><strong>Digit\u00e1ln\u00ed n\u00e1pisy:<\/strong> Pou\u017e\u00edv\u00e1 se v reklamn\u00edch displej\u00edch a digit\u00e1ln\u00edch billboardech.<\/li>\n<\/ul>\n<p data-sourcepos=\"32:1-32:30\"><strong>Panely s optick\u00fdm podsv\u00edcen\u00edm se staly obl\u00edbenou volbou pro modern\u00ed zobrazovac\u00ed technologie d\u00edky sv\u00fdm v\u00fdhod\u00e1m, pokud jde o kvalitu osv\u011btlen\u00ed, energetickou \u00fa\u010dinnost a flexibilitu designu.<\/strong><\/p>\n\t\t<\/div>\n\t\t\t\t\t<\/div>\n\n\t\n\n\t<div id=\"col-1830524764\" class=\"col medium-6 small-12 large-6\"  >\n\t\t\t\t<div class=\"col-inner\"  >\n\t\t\t\n\t\t\t\n\t<div class=\"img has-hover x md-x lg-x y md-y lg-y\" id=\"image_1571444588\">\n\t\t\t\t\t\t\t\t<div class=\"img-inner image-cover dark\" style=\"padding-top:100%;\">\n\t\t\t<img loading=\"lazy\" decoding=\"async\" width=\"685\" height=\"667\" src=\"https:\/\/backlightmfg.com\/wp-content\/uploads\/2024\/09\/1625230825.png\" class=\"attachment-original size-original\" alt=\"Pou\u017eit\u00ed panel\u016f s optick\u00fdmi vl\u00e1kny pro podsv\u00edcen\u00ed\" srcset=\"https:\/\/backlightmfg.com\/wp-content\/uploads\/2024\/09\/1625230825.png 685w, https:\/\/backlightmfg.com\/wp-content\/uploads\/2024\/09\/1625230825-300x292.png 300w, https:\/\/backlightmfg.com\/wp-content\/uploads\/2024\/09\/1625230825-12x12.png 12w, https:\/\/backlightmfg.com\/wp-content\/uploads\/2024\/09\/1625230825-510x497.png 510w\" sizes=\"(max-width: 685px) 100vw, 685px\" \/>\t\t\t\t\t\t\n\t\t\t\t\t<\/div>\n\t\t\t\t\t\t\t\t\n<style>\n#image_1571444588 {\n  width: 100%;\n}\n<\/style>\n\t<\/div>\n\t\n\t\t<\/div>\n\t\t\t\t\t<\/div>\n\n\t\n<\/div>\n\t\t<\/div>\n\n\t\t\n<style>\n#section_660016487 {\n  padding-top: 30px;\n  padding-bottom: 30px;\n}\n<\/style>\n\t<\/section>\n\t\n\t<section class=\"section\" id=\"section_624012252\">\n\t\t<div class=\"bg section-bg fill bg-fill  bg-loaded\" >\n\n\t\t\t\n\t\t\t\n\t\t\t\n\n\t\t<\/div>\n\n\t\t\n\n\t\t<div class=\"section-content relative\">\n\t\t\t\n<div class=\"row\"  id=\"row-1692366542\">\n\n\t<div id=\"col-1332472107\" class=\"col small-12 large-12\"  >\n\t\t\t\t<div class=\"col-inner\"  >\n\t\t\t\n\t\t\t\n<h2 class=\"\" style=\"text-align: center;\" data-sourcepos=\"1:1-1:61\">OEM panely s podsv\u00edcen\u00edm z optick\u00fdch vl\u00e1ken: P\u0159izp\u016fsoben\u00ed va\u0161eho displeje<\/h2>\n<p data-sourcepos=\"3:1-3:126\"><strong>Reyera jako OEM panely s podsv\u00edcen\u00edm z optick\u00fdch vl\u00e1ken<\/strong> nab\u00edz\u00ed p\u0159izp\u016fsobiteln\u00e9 \u0159e\u0161en\u00ed pro firmy, kter\u00e9 cht\u011bj\u00ed do sv\u00fdch v\u00fdrobk\u016f zabudovat vysoce kvalitn\u00ed osv\u011btlen\u00ed. Tyto panely lze p\u0159izp\u016fsobit va\u0161im specifick\u00fdm po\u017eadavk\u016fm a zajistit tak optim\u00e1ln\u00ed v\u00fdkon a estetiku.<\/p>\n<p data-sourcepos=\"5:1-5:34\"><strong>V\u00fdhody panel\u016f s podsv\u00edcen\u00edm z optick\u00fdch vl\u00e1ken OEM:<\/strong><\/p>\n<ul data-sourcepos=\"7:1-8:27\">\n<li data-sourcepos=\"7:1-7:112\"><strong>P\u0159izp\u016fsoben\u00ed:<\/strong> P\u0159izp\u016fsobte velikost, tvar, jas a teplotu barev panelu p\u0159esn\u011b sv\u00fdm pot\u0159eb\u00e1m.<\/li>\n<li data-sourcepos=\"8:1-8:27\"><strong>Zna\u010dka:<\/strong> Do panelu m\u016f\u017eete zakomponovat logo sv\u00e9 zna\u010dky nebo designov\u00e9 prvky a z\u00edskat tak jedine\u010dn\u00fd vzhled.<\/li>\n<li data-sourcepos=\"9:1-9:97\"><strong>N\u00e1kladov\u011b efektivn\u00ed:<\/strong> V\u00fdroba OEM m\u016f\u017ee \u010dasto nab\u00eddnout konkurenceschopn\u00e9 ceny za velk\u00e9 mno\u017estv\u00ed.<\/li>\n<li data-sourcepos=\"10:1-10:1\"><strong>Kontrola kvality:<\/strong> Spolupracujte s renomovan\u00fdmi v\u00fdrobci, abyste zajistili vysoce kvalitn\u00ed v\u00fdrobky a spolehliv\u00fd v\u00fdkon.<\/li>\n<\/ul>\n<p data-sourcepos=\"12:1-12:26\"><strong>Mo\u017enosti p\u0159izp\u016fsoben\u00ed:<\/strong><\/p>\n<ul data-sourcepos=\"14:1-18:0\">\n<li data-sourcepos=\"14:1-14:91\"><strong>Velikost a tvar:<\/strong> Zvolte rozm\u011bry a tvar panelu tak, aby odpov\u00eddal designu va\u0161eho displeje.<\/li>\n<li data-sourcepos=\"15:1-15:118\"><strong>Jas a teplota barev:<\/strong> Nastavte intenzitu sv\u011btla a barevn\u00e9 spektrum tak, aby odpov\u00eddalo po\u017eadovan\u00e9mu estetick\u00e9mu vzhledu.<\/li>\n<li data-sourcepos=\"16:1-16:108\"><strong>Rozlo\u017een\u00ed sv\u011btla:<\/strong> P\u0159izp\u016fsobte si vzor rozlo\u017een\u00ed sv\u011btla pro dosa\u017een\u00ed specifick\u00fdch efekt\u016f osv\u011btlen\u00ed.<\/li>\n<li data-sourcepos=\"17:1-18:0\"><strong>Integrace:<\/strong> Integrujte dal\u0161\u00ed funkce, jako jsou dotykov\u00e9 senzory nebo senzory okoln\u00edho osv\u011btlen\u00ed.<\/li>\n<\/ul>\n<p data-sourcepos=\"19:1-19:98\"><strong>Pro\u010d si vybrat v\u00fdrobce panel\u016f s podsv\u00edcen\u00edm z optick\u00fdch vl\u00e1ken Reyera OEM:<\/strong><\/p>\n<ul data-sourcepos=\"21:1-21:100\">\n<li data-sourcepos=\"21:1-21:100\"><strong>Zku\u0161enosti:<\/strong> Hledejte v\u00fdrobce, kte\u0159\u00ed maj\u00ed zku\u0161enosti s v\u00fdrobou vysoce kvalitn\u00edch panel\u016f podsv\u00edcen\u00ed.<\/li>\n<li data-sourcepos=\"22:1-22:121\"><strong>Schopnosti:<\/strong> Ujist\u011bte se, \u017ee v\u00fdrobce disponuje pot\u0159ebn\u00fdm vybaven\u00edm a odborn\u00fdmi znalostmi, aby splnil va\u0161e specifick\u00e9 po\u017eadavky.<\/li>\n<li data-sourcepos=\"23:1-23:94\"><strong>Doba dod\u00e1n\u00ed:<\/strong> Zva\u017ete dodac\u00ed lh\u016fty v\u00fdrobce, abyste zajistili v\u010dasn\u00e9 dod\u00e1n\u00ed.<\/li>\n<li data-sourcepos=\"24:1-25:0\"><strong>Poprodejn\u00ed podpora:<\/strong> Vyberte si v\u00fdrobce, kter\u00fd poskytuje spolehlivou poprodejn\u00ed podporu a z\u00e1ruku.<\/li>\n<\/ul>\n\t\t<\/div>\n\t\t\t\t\t<\/div>\n\n\t\n<\/div>\n\t\t<\/div>\n\n\t\t\n<style>\n#section_624012252 {\n  padding-top: 30px;\n  padding-bottom: 30px;\n  background-color: #c3e7f2;\n}\n<\/style>\n\t<\/section>\n\t\n\t<section class=\"section\" id=\"section_1122664257\">\n\t\t<div class=\"bg section-bg fill bg-fill  bg-loaded\" >\n\n\t\t\t\n\t\t\t\n\t\t\t\n\n\t\t<\/div>\n\n\t\t\n\n\t\t<div class=\"section-content relative\">\n\t\t\t\n<div class=\"row\"  id=\"row-2056123249\">\n\n\t<div id=\"col-1693697746\" class=\"col small-12 large-12\"  >\n\t\t\t\t<div class=\"col-inner\"  >\n\t\t\t\n\t\t\t\n<h2 style=\"text-align: center;\">Kontaktujte n\u00e1s<\/h2>\n\t\t<\/div>\n\t\t\t\t\t<\/div>\n\n\t\n<\/div>\n<div class=\"row\"  id=\"row-485552072\">\n\n\t<div id=\"col-1727692690\" class=\"col small-12 large-12\"  >\n\t\t\t\t<div class=\"col-inner\"  >\n\t\t\t\n\t\t\t\n\n<div class=\"wpcf7 no-js\" id=\"wpcf7-f280-o1\" lang=\"en-US\" dir=\"ltr\">\n<div class=\"screen-reader-response\"><p role=\"status\" aria-live=\"polite\" aria-atomic=\"true\"><\/p> <ul><\/ul><\/div>\n<form action=\"\/cs\/wp-json\/wp\/v2\/pages\/2011#wpcf7-f280-o1\" method=\"post\" class=\"wpcf7-form init\" aria-label=\"Kontaktn\u00ed formul\u00e1\u0159\" novalidate=\"novalidate\" data-status=\"init\" data-trp-original-action=\"\/cs\/wp-json\/wp\/v2\/pages\/2011#wpcf7-f280-o1\">\n<div style=\"display: none;\">\n<input type=\"hidden\" name=\"_wpcf7\" value=\"280\" \/>\n<input type=\"hidden\" name=\"_wpcf7_version\" value=\"5.9.6\" \/>\n<input type=\"hidden\" name=\"_wpcf7_locale\" value=\"en_US\" \/>\n<input type=\"hidden\" name=\"_wpcf7_unit_tag\" value=\"wpcf7-f280-o1\" \/>\n<input type=\"hidden\" name=\"_wpcf7_container_post\" value=\"0\" \/>\n<input type=\"hidden\" name=\"_wpcf7_posted_data_hash\" value=\"\" \/>\n<\/div>\n<div class='custom_contact_style'>\n\t<div class=\"row row-small\">\n\t\t<div class=\"col medium-6 small-12 large-6\">\n\t\t\t<div class=\"col-inner\">\n\t\t\t\t<p><span class=\"wpcf7-form-control-wrap\" data-name=\"your-name\"><input size=\"40\" maxlength=\"80\" class=\"wpcf7-form-control wpcf7-text wpcf7-validates-as-required\" aria-required=\"true\" aria-invalid=\"false\" placeholder=\"Jm\u00e9no*\" value=\"\" type=\"text\" name=\"your-name\" \/><\/span>\n\t\t\t\t<\/p>\n\t\t\t<\/div>\n\t\t<\/div>\n\t\t<div class=\"col medium-6 small-12 large-6\">\n\t\t\t<div class=\"col-inner\">\n\t\t\t\t<p><span class=\"wpcf7-form-control-wrap\" data-name=\"your-email\"><input size=\"40\" maxlength=\"80\" class=\"wpcf7-form-control wpcf7-email wpcf7-validates-as-required wpcf7-text wpcf7-validates-as-email\" aria-required=\"true\" aria-invalid=\"false\" placeholder=\"E-mail*\" value=\"\" type=\"email\" name=\"your-email\" \/><\/span>\n\t\t\t\t<\/p>\n\t\t\t<\/div>\n\t\t<\/div>\n\t<\/div>\n\t<div class='cus_contact_form_bottom'>\n\t\t<p><span class=\"wpcf7-form-control-wrap\" data-name=\"your-phone\"><input size=\"40\" maxlength=\"80\" class=\"wpcf7-form-control wpcf7-text\" aria-invalid=\"false\" placeholder=\"Telefon\" value=\"\" type=\"text\" name=\"your-phone\" \/><\/span>\n\t\t<\/p>\n\t<\/div>\n\t<div class='cus_contact_form_bottom'>\n\t\t<p><span class=\"wpcf7-form-control-wrap\" data-name=\"your-country\"><input size=\"40\" maxlength=\"80\" class=\"wpcf7-form-control wpcf7-text\" aria-invalid=\"false\" placeholder=\"Zem\u011b\" value=\"\" type=\"text\" name=\"your-country\" \/><\/span>\n\t\t<\/p>\n\t<\/div>\n\t<p><span class=\"wpcf7-form-control-wrap\" data-name=\"your-message\"><textarea cols=\"40\" rows=\"10\" maxlength=\"400\" class=\"wpcf7-form-control wpcf7-textarea wpcf7-validates-as-required\" aria-required=\"true\" aria-invalid=\"false\" placeholder=\"Va\u0161e zpr\u00e1va *\" name=\"your-message\"><\/textarea><\/span>\n\t<\/p>\n\t<div style=\"margin-bottom:10px;\">\n\t\t<p><span class=\"wpcf7-form-control-wrap kc_captcha cf7ic-toggle\" data-name=\"kc_captcha\"><span class=\"wpcf7-form-control wpcf7-radio\"><span class=\"captcha-image\" style=\"display: none;\"><span class=\"cf7ic_instructions\">Proka\u017ete, \u017ee jste \u010dlov\u011bk, v\u00fdb\u011brem<span> auto<\/span>.<\/span><label><input aria-label=\"1\" type=\"radio\" name=\"kc_captcha\" value=\"kc_human\" \/><svg aria-hidden=\"true\" role=\"img\" xmlns=\"http:\/\/www.w3.org\/2000\/svg\" viewbox=\"0 0 512 512\"><path fill=\"currentColor\" d=\"M500 168h-55l-8-21a127 127 0 00-120-83H195a127 127 0 00-120 83l-8 21H12c-8 0-14 8-11 16l8 24a12 12 0 0011 8h29a64 64 0 00-33 56v48c0 16 6 31 16 42v62c0 13 11 24 24 24h48c13 0 24-11 24-24v-40h256v40c0 13 11 24 24 24h48c13 0 24-11 24-24v-62c10-11 16-26 16-42v-48c0-24-13-45-33-56h29a12 12 0 0011-8l8-24c3-8-3-16-11-16zm-365 2c9-25 33-42 60-42h122c27 0 51 17 60 42l15 38H120l15-38zM88 328a32 32 0 010-64c18 0 48 30 48 48s-30 16-48 16zm336 0c-18 0-48 2-48-16s30-48 48-48 32 14 32 32-14 32-32 32z\"\/><\/svg><\/label><label><input aria-label=\"2\" type=\"radio\" name=\"kc_captcha\" value=\"bot\" \/><svg aria-hidden=\"true\" role=\"img\" xmlns=\"http:\/\/www.w3.org\/2000\/svg\" viewbox=\"0 0 512 512\"><path fill=\"currentColor\" d=\"M350 99c-54 0-98-35-166-35-25 0-47 4-68 12a56 56 0 004-24C118 24 95 1 66 0a56 56 0 00-34 102v386c0 13 11 24 24 24h16c13 0 24-11 24-24v-94c28-12 64-23 114-23 54 0 98 35 166 35 48 0 86-16 122-41 9-6 14-15 14-26V96c0-23-24-39-45-29-35 16-77 32-117 32z\"\/><\/svg><\/label><label><input aria-label=\"3\" type=\"radio\" name=\"kc_captcha\" value=\"bot\" \/><svg aria-hidden=\"true\" role=\"img\" xmlns=\"http:\/\/www.w3.org\/2000\/svg\" viewbox=\"0 0 384 512\"><path fill=\"currentColor\" d=\"M377 375l-83-87h34c21 0 32-25 17-40l-82-88h33c21 0 32-25 18-40L210 8c-10-11-26-11-36 0L70 120c-14 15-3 40 18 40h33l-82 88c-15 15-4 40 17 40h34L7 375c-15 16-4 41 17 41h120c0 33-11 49-34 68-12 9-5 28 10 28h144c15 0 22-19 10-28-20-16-34-32-34-68h120c21 0 32-25 17-41z\"\/><\/svg><\/label>\r\n    <\/span>\r\n    <span style=\"display:none\">\r\n        <input type=\"text\" name=\"kc_honeypot\">\r\n    <\/span><\/span><\/span>\n\t\t<\/p>\n\t<\/div>\n\t<p><input class=\"wpcf7-form-control wpcf7-submit has-spinner\" type=\"submit\" value=\"Odeslat zpr\u00e1vu\" \/>\n\t<\/p>\n<\/div><div class=\"wpcf7-response-output\" aria-hidden=\"true\"><\/div>\n<input type=\"hidden\" name=\"trp-form-language\" value=\"cs\"\/><\/form>\n<\/div>\n\n\t\t<\/div>\n\t\t\t\t\t<\/div>\n\n\t\n<\/div>\n\t\t<\/div>\n\n\t\t\n<style>\n#section_1122664257 {\n  padding-top: 30px;\n  padding-bottom: 30px;\n}\n<\/style>\n\t<\/section>","protected":false},"excerpt":{"rendered":"","protected":false},"author":1,"featured_media":0,"parent":0,"menu_order":0,"comment_status":"closed","ping_status":"closed","template":"page-blank.php","meta":{"footnotes":""},"_links":{"self":[{"href":"https:\/\/backlightmfg.com\/cs\/wp-json\/wp\/v2\/pages\/2011"}],"collection":[{"href":"https:\/\/backlightmfg.com\/cs\/wp-json\/wp\/v2\/pages"}],"about":[{"href":"https:\/\/backlightmfg.com\/cs\/wp-json\/wp\/v2\/types\/page"}],"author":[{"embeddable":true,"href":"https:\/\/backlightmfg.com\/cs\/wp-json\/wp\/v2\/users\/1"}],"replies":[{"embeddable":true,"href":"https:\/\/backlightmfg.com\/cs\/wp-json\/wp\/v2\/comments?post=2011"}],"version-history":[{"count":20,"href":"https:\/\/backlightmfg.com\/cs\/wp-json\/wp\/v2\/pages\/2011\/revisions"}],"predecessor-version":[{"id":2047,"href":"https:\/\/backlightmfg.com\/cs\/wp-json\/wp\/v2\/pages\/2011\/revisions\/2047"}],"wp:attachment":[{"href":"https:\/\/backlightmfg.com\/cs\/wp-json\/wp\/v2\/media?parent=2011"}],"curies":[{"name":"wp","href":"https:\/\/api.w.org\/{rel}","templated":true}]}}